{"id":6399,"date":"2025-03-18T18:13:39","date_gmt":"2025-03-18T21:13:39","guid":{"rendered":"https:\/\/www.travelturismocochiguaz.cl\/fr\/?post_type=product&#038;p=6399"},"modified":"2025-03-23T15:36:33","modified_gmt":"2025-03-23T18:36:33","slug":"cf5-petroglyphes-de-la-valle-del-encanto-verre-de-vin","status":"publish","type":"product","link":"https:\/\/www.travelturismocochiguaz.cl\/fr\/tienda\/sin-categorizar\/cf5-petroglyphes-de-la-valle-del-encanto-verre-de-vin\/","title":{"rendered":"CF5 : P\u00e9troglyphes de la Valle del Encanto + verre de vin"},"content":{"rendered":"<p>Visite de la vall\u00e9e de l&#8217;Encanto.<br \/>\n\u2714Visite guid\u00e9e d&#8217;un site arch\u00e9ologique abritant des p\u00e9troglyphes, des pictogrammes et des pierres \u00e0 cupules d&#8217;une grande antiquit\u00e9, remarquables par la diversit\u00e9 de leurs repr\u00e9sentations, leur valeur monumentale et les l\u00e9gendes qui les entourent.<br \/>\n\u2714Comprend un verre de vin<br \/>\nRetour au port de Coquimbo<\/p>\n","protected":false},"excerpt":{"rendered":"<p>Visite de la vall\u00e9e de l&#8217;Encanto. \u2714Visite guid\u00e9e d&#8217;un site arch\u00e9ologique abritant des p\u00e9troglyphes, des pictogrammes et des pierres \u00e0 cupules d&#8217;une grande antiquit\u00e9, remarquables par la diversit\u00e9 de leurs repr\u00e9sentations, leur valeur monumentale et les l\u00e9gendes qui les entourent. \u2714Comprend un verre de vin Retour au port de Coquimbo<\/p>\n","protected":false},"featured_media":6423,"template":"","meta":{"_joinchat":[]},"product_brand":[],"product_cat":[15],"product_tag":[],"class_list":{"0":"post-6399","1":"product","2":"type-product","3":"status-publish","4":"has-post-thumbnail","6":"product_cat-sin-categorizar","8":"first","9":"instock","10":"shipping-taxable","11":"product-type-simple"},"yoast_head":"<!-- This site is optimized with the Yoast SEO plugin v26.8 - https:\/\/yoast.com\/product\/yoast-seo-wordpress\/ -->\n<title>CF5 : P\u00e9troglyphes de la Valle del Encanto + verre de vin - Travvel Turismo Cochiguaz<\/title>\n<meta name=\"robots\" content=\"index, follow, max-snippet:-1, max-image-preview:large, max-video-preview:-1\" \/>\n<link rel=\"canonical\" href=\"https:\/\/www.travelturismocochiguaz.cl\/fr\/tienda\/sin-categorizar\/cf5-petroglyphes-de-la-valle-del-encanto-verre-de-vin\/\" \/>\n<meta property=\"og:locale\" content=\"es_ES\" \/>\n<meta property=\"og:type\" content=\"article\" \/>\n<meta property=\"og:title\" content=\"CF5 : P\u00e9troglyphes de la Valle del Encanto + verre de vin - Travvel Turismo Cochiguaz\" \/>\n<meta property=\"og:description\" content=\"Visite de la vall\u00e9e de l&#8217;Encanto. \u2714Visite guid\u00e9e d&#8217;un site arch\u00e9ologique abritant des p\u00e9troglyphes, des pictogrammes et des pierres \u00e0 cupules d&#8217;une grande antiquit\u00e9, remarquables par la diversit\u00e9 de leurs repr\u00e9sentations, leur valeur monumentale et les l\u00e9gendes qui les entourent. \u2714Comprend un verre de vin Retour au port de Coquimbo\" \/>\n<meta property=\"og:url\" content=\"https:\/\/www.travelturismocochiguaz.cl\/fr\/tienda\/sin-categorizar\/cf5-petroglyphes-de-la-valle-del-encanto-verre-de-vin\/\" \/>\n<meta property=\"og:site_name\" content=\"Travvel Turismo Cochiguaz\" \/>\n<meta property=\"article:modified_time\" content=\"2025-03-23T18:36:33+00:00\" \/>\n<meta property=\"og:image\" content=\"https:\/\/www.travelturismocochiguaz.cl\/fr\/wp-content\/uploads\/2025\/03\/1-6.png\" \/>\n\t<meta property=\"og:image:width\" content=\"660\" \/>\n\t<meta property=\"og:image:height\" content=\"383\" \/>\n\t<meta property=\"og:image:type\" content=\"image\/png\" \/>\n<meta name=\"twitter:card\" content=\"summary_large_image\" \/>\n<meta name=\"twitter:label1\" content=\"Tiempo de lectura\" \/>\n\t<meta name=\"twitter:data1\" content=\"1 minuto\" \/>\n<script type=\"application\/ld+json\" class=\"yoast-schema-graph\">{\"@context\":\"https:\/\/schema.org\",\"@graph\":[{\"@type\":\"WebPage\",\"@id\":\"https:\/\/www.travelturismocochiguaz.cl\/fr\/tienda\/sin-categorizar\/cf5-petroglyphes-de-la-valle-del-encanto-verre-de-vin\/\",\"url\":\"https:\/\/www.travelturismocochiguaz.cl\/fr\/tienda\/sin-categorizar\/cf5-petroglyphes-de-la-valle-del-encanto-verre-de-vin\/\",\"name\":\"CF5 : P\u00e9troglyphes de la Valle del Encanto + verre de vin - Travvel Turismo Cochiguaz\",\"isPartOf\":{\"@id\":\"https:\/\/www.travelturismocochiguaz.cl\/fr\/#website\"},\"primaryImageOfPage\":{\"@id\":\"https:\/\/www.travelturismocochiguaz.cl\/fr\/tienda\/sin-categorizar\/cf5-petroglyphes-de-la-valle-del-encanto-verre-de-vin\/#primaryimage\"},\"image\":{\"@id\":\"https:\/\/www.travelturismocochiguaz.cl\/fr\/tienda\/sin-categorizar\/cf5-petroglyphes-de-la-valle-del-encanto-verre-de-vin\/#primaryimage\"},\"thumbnailUrl\":\"https:\/\/www.travelturismocochiguaz.cl\/fr\/wp-content\/uploads\/2025\/03\/1-6.png\",\"datePublished\":\"2025-03-18T21:13:39+00:00\",\"dateModified\":\"2025-03-23T18:36:33+00:00\",\"breadcrumb\":{\"@id\":\"https:\/\/www.travelturismocochiguaz.cl\/fr\/tienda\/sin-categorizar\/cf5-petroglyphes-de-la-valle-del-encanto-verre-de-vin\/#breadcrumb\"},\"inLanguage\":\"es\",\"potentialAction\":[{\"@type\":\"ReadAction\",\"target\":[\"https:\/\/www.travelturismocochiguaz.cl\/fr\/tienda\/sin-categorizar\/cf5-petroglyphes-de-la-valle-del-encanto-verre-de-vin\/\"]}]},{\"@type\":\"ImageObject\",\"inLanguage\":\"es\",\"@id\":\"https:\/\/www.travelturismocochiguaz.cl\/fr\/tienda\/sin-categorizar\/cf5-petroglyphes-de-la-valle-del-encanto-verre-de-vin\/#primaryimage\",\"url\":\"https:\/\/www.travelturismocochiguaz.cl\/fr\/wp-content\/uploads\/2025\/03\/1-6.png\",\"contentUrl\":\"https:\/\/www.travelturismocochiguaz.cl\/fr\/wp-content\/uploads\/2025\/03\/1-6.png\",\"width\":660,\"height\":383},{\"@type\":\"BreadcrumbList\",\"@id\":\"https:\/\/www.travelturismocochiguaz.cl\/fr\/tienda\/sin-categorizar\/cf5-petroglyphes-de-la-valle-del-encanto-verre-de-vin\/#breadcrumb\",\"itemListElement\":[{\"@type\":\"ListItem\",\"position\":1,\"name\":\"Portada\",\"item\":\"https:\/\/www.travelturismocochiguaz.cl\/fr\/\"},{\"@type\":\"ListItem\",\"position\":2,\"name\":\"Tienda\",\"item\":\"https:\/\/www.travelturismocochiguaz.cl\/fr\/tienda\/\"},{\"@type\":\"ListItem\",\"position\":3,\"name\":\"CF5 : P\u00e9troglyphes de la Valle del Encanto + verre de vin\"}]},{\"@type\":\"WebSite\",\"@id\":\"https:\/\/www.travelturismocochiguaz.cl\/fr\/#website\",\"url\":\"https:\/\/www.travelturismocochiguaz.cl\/fr\/\",\"name\":\"Travvel Turismo Cochiguaz\",\"description\":\"Tour operador de cruceros y m&aacute;s.\",\"potentialAction\":[{\"@type\":\"SearchAction\",\"target\":{\"@type\":\"EntryPoint\",\"urlTemplate\":\"https:\/\/www.travelturismocochiguaz.cl\/fr\/?s={search_term_string}\"},\"query-input\":{\"@type\":\"PropertyValueSpecification\",\"valueRequired\":true,\"valueName\":\"search_term_string\"}}],\"inLanguage\":\"es\"}]}<\/script>\n<!-- \/ Yoast SEO plugin. -->","yoast_head_json":{"title":"CF5 : P\u00e9troglyphes de la Valle del Encanto + verre de vin - Travvel Turismo Cochiguaz","robots":{"index":"index","follow":"follow","max-snippet":"max-snippet:-1","max-image-preview":"max-image-preview:large","max-video-preview":"max-video-preview:-1"},"canonical":"https:\/\/www.travelturismocochiguaz.cl\/fr\/tienda\/sin-categorizar\/cf5-petroglyphes-de-la-valle-del-encanto-verre-de-vin\/","og_locale":"es_ES","og_type":"article","og_title":"CF5 : P\u00e9troglyphes de la Valle del Encanto + verre de vin - Travvel Turismo Cochiguaz","og_description":"Visite de la vall\u00e9e de l&#8217;Encanto. \u2714Visite guid\u00e9e d&#8217;un site arch\u00e9ologique abritant des p\u00e9troglyphes, des pictogrammes et des pierres \u00e0 cupules d&#8217;une grande antiquit\u00e9, remarquables par la diversit\u00e9 de leurs repr\u00e9sentations, leur valeur monumentale et les l\u00e9gendes qui les entourent. \u2714Comprend un verre de vin Retour au port de Coquimbo","og_url":"https:\/\/www.travelturismocochiguaz.cl\/fr\/tienda\/sin-categorizar\/cf5-petroglyphes-de-la-valle-del-encanto-verre-de-vin\/","og_site_name":"Travvel Turismo Cochiguaz","article_modified_time":"2025-03-23T18:36:33+00:00","og_image":[{"width":660,"height":383,"url":"https:\/\/www.travelturismocochiguaz.cl\/fr\/wp-content\/uploads\/2025\/03\/1-6.png","type":"image\/png"}],"twitter_card":"summary_large_image","twitter_misc":{"Tiempo de lectura":"1 minuto"},"schema":{"@context":"https:\/\/schema.org","@graph":[{"@type":"WebPage","@id":"https:\/\/www.travelturismocochiguaz.cl\/fr\/tienda\/sin-categorizar\/cf5-petroglyphes-de-la-valle-del-encanto-verre-de-vin\/","url":"https:\/\/www.travelturismocochiguaz.cl\/fr\/tienda\/sin-categorizar\/cf5-petroglyphes-de-la-valle-del-encanto-verre-de-vin\/","name":"CF5 : P\u00e9troglyphes de la Valle del Encanto + verre de vin - Travvel Turismo Cochiguaz","isPartOf":{"@id":"https:\/\/www.travelturismocochiguaz.cl\/fr\/#website"},"primaryImageOfPage":{"@id":"https:\/\/www.travelturismocochiguaz.cl\/fr\/tienda\/sin-categorizar\/cf5-petroglyphes-de-la-valle-del-encanto-verre-de-vin\/#primaryimage"},"image":{"@id":"https:\/\/www.travelturismocochiguaz.cl\/fr\/tienda\/sin-categorizar\/cf5-petroglyphes-de-la-valle-del-encanto-verre-de-vin\/#primaryimage"},"thumbnailUrl":"https:\/\/www.travelturismocochiguaz.cl\/fr\/wp-content\/uploads\/2025\/03\/1-6.png","datePublished":"2025-03-18T21:13:39+00:00","dateModified":"2025-03-23T18:36:33+00:00","breadcrumb":{"@id":"https:\/\/www.travelturismocochiguaz.cl\/fr\/tienda\/sin-categorizar\/cf5-petroglyphes-de-la-valle-del-encanto-verre-de-vin\/#breadcrumb"},"inLanguage":"es","potentialAction":[{"@type":"ReadAction","target":["https:\/\/www.travelturismocochiguaz.cl\/fr\/tienda\/sin-categorizar\/cf5-petroglyphes-de-la-valle-del-encanto-verre-de-vin\/"]}]},{"@type":"ImageObject","inLanguage":"es","@id":"https:\/\/www.travelturismocochiguaz.cl\/fr\/tienda\/sin-categorizar\/cf5-petroglyphes-de-la-valle-del-encanto-verre-de-vin\/#primaryimage","url":"https:\/\/www.travelturismocochiguaz.cl\/fr\/wp-content\/uploads\/2025\/03\/1-6.png","contentUrl":"https:\/\/www.travelturismocochiguaz.cl\/fr\/wp-content\/uploads\/2025\/03\/1-6.png","width":660,"height":383},{"@type":"BreadcrumbList","@id":"https:\/\/www.travelturismocochiguaz.cl\/fr\/tienda\/sin-categorizar\/cf5-petroglyphes-de-la-valle-del-encanto-verre-de-vin\/#breadcrumb","itemListElement":[{"@type":"ListItem","position":1,"name":"Portada","item":"https:\/\/www.travelturismocochiguaz.cl\/fr\/"},{"@type":"ListItem","position":2,"name":"Tienda","item":"https:\/\/www.travelturismocochiguaz.cl\/fr\/tienda\/"},{"@type":"ListItem","position":3,"name":"CF5 : P\u00e9troglyphes de la Valle del Encanto + verre de vin"}]},{"@type":"WebSite","@id":"https:\/\/www.travelturismocochiguaz.cl\/fr\/#website","url":"https:\/\/www.travelturismocochiguaz.cl\/fr\/","name":"Travvel Turismo Cochiguaz","description":"Tour operador de cruceros y m&aacute;s.","potentialAction":[{"@type":"SearchAction","target":{"@type":"EntryPoint","urlTemplate":"https:\/\/www.travelturismocochiguaz.cl\/fr\/?s={search_term_string}"},"query-input":{"@type":"PropertyValueSpecification","valueRequired":true,"valueName":"search_term_string"}}],"inLanguage":"es"}]}},"_links":{"self":[{"href":"https:\/\/www.travelturismocochiguaz.cl\/fr\/wp-json\/wp\/v2\/product\/6399","targetHints":{"allow":["GET"]}}],"collection":[{"href":"https:\/\/www.travelturismocochiguaz.cl\/fr\/wp-json\/wp\/v2\/product"}],"about":[{"href":"https:\/\/www.travelturismocochiguaz.cl\/fr\/wp-json\/wp\/v2\/types\/product"}],"wp:featuredmedia":[{"embeddable":true,"href":"https:\/\/www.travelturismocochiguaz.cl\/fr\/wp-json\/wp\/v2\/media\/6423"}],"wp:attachment":[{"href":"https:\/\/www.travelturismocochiguaz.cl\/fr\/wp-json\/wp\/v2\/media?parent=6399"}],"wp:term":[{"taxonomy":"product_brand","embeddable":true,"href":"https:\/\/www.travelturismocochiguaz.cl\/fr\/wp-json\/wp\/v2\/product_brand?post=6399"},{"taxonomy":"product_cat","embeddable":true,"href":"https:\/\/www.travelturismocochiguaz.cl\/fr\/wp-json\/wp\/v2\/product_cat?post=6399"},{"taxonomy":"product_tag","embeddable":true,"href":"https:\/\/www.travelturismocochiguaz.cl\/fr\/wp-json\/wp\/v2\/product_tag?post=6399"}],"curies":[{"name":"wp","href":"https:\/\/api.w.org\/{rel}","templated":true}]}}