{"id":6397,"date":"2025-03-22T18:13:39","date_gmt":"2025-03-22T21:13:39","guid":{"rendered":"https:\/\/www.travelturismocochiguaz.cl\/fr\/?post_type=product&#038;p=6397"},"modified":"2025-03-23T15:33:15","modified_gmt":"2025-03-23T18:33:15","slug":"cf02-decouvrez-les-saveurs-du-pisco-et-de-la-biere","status":"publish","type":"product","link":"https:\/\/www.travelturismocochiguaz.cl\/fr\/tienda\/la-serena\/cf02-decouvrez-les-saveurs-du-pisco-et-de-la-biere\/","title":{"rendered":"CF02 : D\u00e9couvrez les saveurs du pisco et de la bi\u00e8re"},"content":{"rendered":"<p>Visite \u00e0 Pisquera ABA<br \/>\n\u2714Exp\u00e9rience guid\u00e9e de Pisquera ABA avec d\u00e9gustation de saveurs de pisco<br \/>\nVille de Vicu\u00f1a<br \/>\n\u2714Promenade sur la Plaza de Armas de Vicu\u00f1a<br \/>\n\u2714Nous irons \u00e0 une d\u00e9gustation de bi\u00e8res artisanales<br \/>\nRetour au port de Coquimbo<\/p>\n","protected":false},"excerpt":{"rendered":"<p>Visite \u00e0 Pisquera ABA \u2714Exp\u00e9rience guid\u00e9e de Pisquera ABA avec d\u00e9gustation de saveurs de pisco Ville de Vicu\u00f1a \u2714Promenade sur la Plaza de Armas de Vicu\u00f1a \u2714Nous irons \u00e0 une d\u00e9gustation de bi\u00e8res artisanales Retour au port de Coquimbo<\/p>\n","protected":false},"featured_media":6412,"template":"","meta":{"_joinchat":[]},"product_brand":[],"product_cat":[42],"product_tag":[],"class_list":{"0":"post-6397","1":"product","2":"type-product","3":"status-publish","4":"has-post-thumbnail","6":"product_cat-la-serena","8":"first","9":"instock","10":"featured","11":"shipping-taxable","12":"product-type-simple"},"yoast_head":"<!-- This site is optimized with the Yoast SEO plugin v26.8 - https:\/\/yoast.com\/product\/yoast-seo-wordpress\/ -->\n<title>CF02 : D\u00e9couvrez les saveurs du pisco et de la bi\u00e8re - Travvel Turismo Cochiguaz<\/title>\n<meta name=\"robots\" content=\"index, follow, max-snippet:-1, max-image-preview:large, max-video-preview:-1\" \/>\n<link rel=\"canonical\" href=\"https:\/\/www.travelturismocochiguaz.cl\/fr\/tienda\/la-serena\/cf02-decouvrez-les-saveurs-du-pisco-et-de-la-biere\/\" \/>\n<meta property=\"og:locale\" content=\"es_ES\" \/>\n<meta property=\"og:type\" content=\"article\" \/>\n<meta property=\"og:title\" content=\"CF02 : D\u00e9couvrez les saveurs du pisco et de la bi\u00e8re - Travvel Turismo Cochiguaz\" \/>\n<meta property=\"og:description\" content=\"Visite \u00e0 Pisquera ABA \u2714Exp\u00e9rience guid\u00e9e de Pisquera ABA avec d\u00e9gustation de saveurs de pisco Ville de Vicu\u00f1a \u2714Promenade sur la Plaza de Armas de Vicu\u00f1a \u2714Nous irons \u00e0 une d\u00e9gustation de bi\u00e8res artisanales Retour au port de Coquimbo\" \/>\n<meta property=\"og:url\" content=\"https:\/\/www.travelturismocochiguaz.cl\/fr\/tienda\/la-serena\/cf02-decouvrez-les-saveurs-du-pisco-et-de-la-biere\/\" \/>\n<meta property=\"og:site_name\" content=\"Travvel Turismo Cochiguaz\" \/>\n<meta property=\"article:modified_time\" content=\"2025-03-23T18:33:15+00:00\" \/>\n<meta property=\"og:image\" content=\"https:\/\/www.travelturismocochiguaz.cl\/fr\/wp-content\/uploads\/2025\/03\/1-3.png\" \/>\n\t<meta property=\"og:image:width\" content=\"605\" \/>\n\t<meta property=\"og:image:height\" content=\"442\" \/>\n\t<meta property=\"og:image:type\" content=\"image\/png\" \/>\n<meta name=\"twitter:card\" content=\"summary_large_image\" \/>\n<meta name=\"twitter:label1\" content=\"Tiempo de lectura\" \/>\n\t<meta name=\"twitter:data1\" content=\"1 minuto\" \/>\n<script type=\"application\/ld+json\" class=\"yoast-schema-graph\">{\"@context\":\"https:\/\/schema.org\",\"@graph\":[{\"@type\":\"WebPage\",\"@id\":\"https:\/\/www.travelturismocochiguaz.cl\/fr\/tienda\/la-serena\/cf02-decouvrez-les-saveurs-du-pisco-et-de-la-biere\/\",\"url\":\"https:\/\/www.travelturismocochiguaz.cl\/fr\/tienda\/la-serena\/cf02-decouvrez-les-saveurs-du-pisco-et-de-la-biere\/\",\"name\":\"CF02 : D\u00e9couvrez les saveurs du pisco et de la bi\u00e8re - Travvel Turismo Cochiguaz\",\"isPartOf\":{\"@id\":\"https:\/\/www.travelturismocochiguaz.cl\/fr\/#website\"},\"primaryImageOfPage\":{\"@id\":\"https:\/\/www.travelturismocochiguaz.cl\/fr\/tienda\/la-serena\/cf02-decouvrez-les-saveurs-du-pisco-et-de-la-biere\/#primaryimage\"},\"image\":{\"@id\":\"https:\/\/www.travelturismocochiguaz.cl\/fr\/tienda\/la-serena\/cf02-decouvrez-les-saveurs-du-pisco-et-de-la-biere\/#primaryimage\"},\"thumbnailUrl\":\"https:\/\/www.travelturismocochiguaz.cl\/fr\/wp-content\/uploads\/2025\/03\/1-3.png\",\"datePublished\":\"2025-03-22T21:13:39+00:00\",\"dateModified\":\"2025-03-23T18:33:15+00:00\",\"breadcrumb\":{\"@id\":\"https:\/\/www.travelturismocochiguaz.cl\/fr\/tienda\/la-serena\/cf02-decouvrez-les-saveurs-du-pisco-et-de-la-biere\/#breadcrumb\"},\"inLanguage\":\"es\",\"potentialAction\":[{\"@type\":\"ReadAction\",\"target\":[\"https:\/\/www.travelturismocochiguaz.cl\/fr\/tienda\/la-serena\/cf02-decouvrez-les-saveurs-du-pisco-et-de-la-biere\/\"]}]},{\"@type\":\"ImageObject\",\"inLanguage\":\"es\",\"@id\":\"https:\/\/www.travelturismocochiguaz.cl\/fr\/tienda\/la-serena\/cf02-decouvrez-les-saveurs-du-pisco-et-de-la-biere\/#primaryimage\",\"url\":\"https:\/\/www.travelturismocochiguaz.cl\/fr\/wp-content\/uploads\/2025\/03\/1-3.png\",\"contentUrl\":\"https:\/\/www.travelturismocochiguaz.cl\/fr\/wp-content\/uploads\/2025\/03\/1-3.png\",\"width\":605,\"height\":442},{\"@type\":\"BreadcrumbList\",\"@id\":\"https:\/\/www.travelturismocochiguaz.cl\/fr\/tienda\/la-serena\/cf02-decouvrez-les-saveurs-du-pisco-et-de-la-biere\/#breadcrumb\",\"itemListElement\":[{\"@type\":\"ListItem\",\"position\":1,\"name\":\"Portada\",\"item\":\"https:\/\/www.travelturismocochiguaz.cl\/fr\/\"},{\"@type\":\"ListItem\",\"position\":2,\"name\":\"Tienda\",\"item\":\"https:\/\/www.travelturismocochiguaz.cl\/fr\/tienda\/\"},{\"@type\":\"ListItem\",\"position\":3,\"name\":\"CF02 : D\u00e9couvrez les saveurs du pisco et de la bi\u00e8re\"}]},{\"@type\":\"WebSite\",\"@id\":\"https:\/\/www.travelturismocochiguaz.cl\/fr\/#website\",\"url\":\"https:\/\/www.travelturismocochiguaz.cl\/fr\/\",\"name\":\"Travvel Turismo Cochiguaz\",\"description\":\"Tour operador de cruceros y m&aacute;s.\",\"potentialAction\":[{\"@type\":\"SearchAction\",\"target\":{\"@type\":\"EntryPoint\",\"urlTemplate\":\"https:\/\/www.travelturismocochiguaz.cl\/fr\/?s={search_term_string}\"},\"query-input\":{\"@type\":\"PropertyValueSpecification\",\"valueRequired\":true,\"valueName\":\"search_term_string\"}}],\"inLanguage\":\"es\"}]}<\/script>\n<!-- \/ Yoast SEO plugin. -->","yoast_head_json":{"title":"CF02 : D\u00e9couvrez les saveurs du pisco et de la bi\u00e8re - Travvel Turismo Cochiguaz","robots":{"index":"index","follow":"follow","max-snippet":"max-snippet:-1","max-image-preview":"max-image-preview:large","max-video-preview":"max-video-preview:-1"},"canonical":"https:\/\/www.travelturismocochiguaz.cl\/fr\/tienda\/la-serena\/cf02-decouvrez-les-saveurs-du-pisco-et-de-la-biere\/","og_locale":"es_ES","og_type":"article","og_title":"CF02 : D\u00e9couvrez les saveurs du pisco et de la bi\u00e8re - Travvel Turismo Cochiguaz","og_description":"Visite \u00e0 Pisquera ABA \u2714Exp\u00e9rience guid\u00e9e de Pisquera ABA avec d\u00e9gustation de saveurs de pisco Ville de Vicu\u00f1a \u2714Promenade sur la Plaza de Armas de Vicu\u00f1a \u2714Nous irons \u00e0 une d\u00e9gustation de bi\u00e8res artisanales Retour au port de Coquimbo","og_url":"https:\/\/www.travelturismocochiguaz.cl\/fr\/tienda\/la-serena\/cf02-decouvrez-les-saveurs-du-pisco-et-de-la-biere\/","og_site_name":"Travvel Turismo Cochiguaz","article_modified_time":"2025-03-23T18:33:15+00:00","og_image":[{"width":605,"height":442,"url":"https:\/\/www.travelturismocochiguaz.cl\/fr\/wp-content\/uploads\/2025\/03\/1-3.png","type":"image\/png"}],"twitter_card":"summary_large_image","twitter_misc":{"Tiempo de lectura":"1 minuto"},"schema":{"@context":"https:\/\/schema.org","@graph":[{"@type":"WebPage","@id":"https:\/\/www.travelturismocochiguaz.cl\/fr\/tienda\/la-serena\/cf02-decouvrez-les-saveurs-du-pisco-et-de-la-biere\/","url":"https:\/\/www.travelturismocochiguaz.cl\/fr\/tienda\/la-serena\/cf02-decouvrez-les-saveurs-du-pisco-et-de-la-biere\/","name":"CF02 : D\u00e9couvrez les saveurs du pisco et de la bi\u00e8re - Travvel Turismo Cochiguaz","isPartOf":{"@id":"https:\/\/www.travelturismocochiguaz.cl\/fr\/#website"},"primaryImageOfPage":{"@id":"https:\/\/www.travelturismocochiguaz.cl\/fr\/tienda\/la-serena\/cf02-decouvrez-les-saveurs-du-pisco-et-de-la-biere\/#primaryimage"},"image":{"@id":"https:\/\/www.travelturismocochiguaz.cl\/fr\/tienda\/la-serena\/cf02-decouvrez-les-saveurs-du-pisco-et-de-la-biere\/#primaryimage"},"thumbnailUrl":"https:\/\/www.travelturismocochiguaz.cl\/fr\/wp-content\/uploads\/2025\/03\/1-3.png","datePublished":"2025-03-22T21:13:39+00:00","dateModified":"2025-03-23T18:33:15+00:00","breadcrumb":{"@id":"https:\/\/www.travelturismocochiguaz.cl\/fr\/tienda\/la-serena\/cf02-decouvrez-les-saveurs-du-pisco-et-de-la-biere\/#breadcrumb"},"inLanguage":"es","potentialAction":[{"@type":"ReadAction","target":["https:\/\/www.travelturismocochiguaz.cl\/fr\/tienda\/la-serena\/cf02-decouvrez-les-saveurs-du-pisco-et-de-la-biere\/"]}]},{"@type":"ImageObject","inLanguage":"es","@id":"https:\/\/www.travelturismocochiguaz.cl\/fr\/tienda\/la-serena\/cf02-decouvrez-les-saveurs-du-pisco-et-de-la-biere\/#primaryimage","url":"https:\/\/www.travelturismocochiguaz.cl\/fr\/wp-content\/uploads\/2025\/03\/1-3.png","contentUrl":"https:\/\/www.travelturismocochiguaz.cl\/fr\/wp-content\/uploads\/2025\/03\/1-3.png","width":605,"height":442},{"@type":"BreadcrumbList","@id":"https:\/\/www.travelturismocochiguaz.cl\/fr\/tienda\/la-serena\/cf02-decouvrez-les-saveurs-du-pisco-et-de-la-biere\/#breadcrumb","itemListElement":[{"@type":"ListItem","position":1,"name":"Portada","item":"https:\/\/www.travelturismocochiguaz.cl\/fr\/"},{"@type":"ListItem","position":2,"name":"Tienda","item":"https:\/\/www.travelturismocochiguaz.cl\/fr\/tienda\/"},{"@type":"ListItem","position":3,"name":"CF02 : D\u00e9couvrez les saveurs du pisco et de la bi\u00e8re"}]},{"@type":"WebSite","@id":"https:\/\/www.travelturismocochiguaz.cl\/fr\/#website","url":"https:\/\/www.travelturismocochiguaz.cl\/fr\/","name":"Travvel Turismo Cochiguaz","description":"Tour operador de cruceros y m&aacute;s.","potentialAction":[{"@type":"SearchAction","target":{"@type":"EntryPoint","urlTemplate":"https:\/\/www.travelturismocochiguaz.cl\/fr\/?s={search_term_string}"},"query-input":{"@type":"PropertyValueSpecification","valueRequired":true,"valueName":"search_term_string"}}],"inLanguage":"es"}]}},"_links":{"self":[{"href":"https:\/\/www.travelturismocochiguaz.cl\/fr\/wp-json\/wp\/v2\/product\/6397","targetHints":{"allow":["GET"]}}],"collection":[{"href":"https:\/\/www.travelturismocochiguaz.cl\/fr\/wp-json\/wp\/v2\/product"}],"about":[{"href":"https:\/\/www.travelturismocochiguaz.cl\/fr\/wp-json\/wp\/v2\/types\/product"}],"wp:featuredmedia":[{"embeddable":true,"href":"https:\/\/www.travelturismocochiguaz.cl\/fr\/wp-json\/wp\/v2\/media\/6412"}],"wp:attachment":[{"href":"https:\/\/www.travelturismocochiguaz.cl\/fr\/wp-json\/wp\/v2\/media?parent=6397"}],"wp:term":[{"taxonomy":"product_brand","embeddable":true,"href":"https:\/\/www.travelturismocochiguaz.cl\/fr\/wp-json\/wp\/v2\/product_brand?post=6397"},{"taxonomy":"product_cat","embeddable":true,"href":"https:\/\/www.travelturismocochiguaz.cl\/fr\/wp-json\/wp\/v2\/product_cat?post=6397"},{"taxonomy":"product_tag","embeddable":true,"href":"https:\/\/www.travelturismocochiguaz.cl\/fr\/wp-json\/wp\/v2\/product_tag?post=6397"}],"curies":[{"name":"wp","href":"https:\/\/api.w.org\/{rel}","templated":true}]}}