{"id":6395,"date":"2025-03-19T18:13:38","date_gmt":"2025-03-19T21:13:38","guid":{"rendered":"https:\/\/www.travelturismocochiguaz.cl\/fr\/?post_type=product&#038;p=6395"},"modified":"2025-03-23T15:35:41","modified_gmt":"2025-03-23T18:35:41","slug":"cf04-pisquera-capel-experience-visite-premium-dans-la-vallee-de-lelqui","status":"publish","type":"product","link":"https:\/\/www.travelturismocochiguaz.cl\/fr\/tienda\/la-serena\/cf04-pisquera-capel-experience-visite-premium-dans-la-vallee-de-lelqui\/","title":{"rendered":"CF04 : Pisquera Capel Experience (visite premium dans la vall\u00e9e de l&#8217;Elqui)"},"content":{"rendered":"<p>Visite de la ville de Vicu\u00f1a<br \/>\n\u2714Plaza de Armas<br \/>\nPisquera Capel<br \/>\n\u2714Visite guid\u00e9e de l&#8217;auditorium de l&#8217;assembl\u00e9e<br \/>\n\u2714Mus\u00e9e du Pisco<br \/>\n\u2714Salle des M\u00e9dailles<br \/>\n\u2714D\u00e9gustation guid\u00e9e de six Pisco avec table d&#8217;accords r\u00e9gionaux<br \/>\n\u2714Rituel de la maison Capel<br \/>\n\u2714Cadeau<br \/>\nRetour au port de Coquimbo<\/p>\n","protected":false},"excerpt":{"rendered":"<div class=\"flex-1 overflow-hidden\">\n<div class=\"react-scroll-to-bottom--css-pretf-79elbk h-full\">\n<div class=\"react-scroll-to-bottom--css-pretf-1n7m0yu\">\n<div class=\"flex flex-col text-sm pb-9\">\n<div class=\"w-full text-token-text-primary\" dir=\"auto\" data-testid=\"conversation-turn-13\">\n<div class=\"px-4 py-2 justify-center text-base md:gap-6 m-auto\">\n<div class=\"flex flex-1 text-base mx-auto gap-3 juice:gap-4 juice:md:gap-6 md:px-5 lg:px-1 xl:px-5 md:max-w-3xl lg:max-w-[40rem] xl:max-w-[48rem] group final-completion\">\n<div class=\"relative flex w-full flex-col agent-turn\">\n<div class=\"flex-col gap-1 md:gap-3\">\n<div class=\"flex flex-grow flex-col max-w-full\">\n<div class=\"min-h-[20px] text-message flex flex-col items-start gap-3 whitespace-pre-wrap break-words [.text-message+&amp;]:mt-5 overflow-x-auto\" dir=\"auto\" data-message-author-role=\"assistant\" data-message-id=\"f346801c-5ad3-47cf-8a5a-93518b216fde\">\n<div class=\"markdown prose w-full break-words dark:prose-invert dark\">\n<p data-sider-select-id=\"cfabaa79-38be-4bd9-b94d-056ed3b631d5\">\n<\/div>\n<\/div>\n<\/div>\n<\/div>\n<\/div>\n<\/div>\n<\/div>\n<\/div>\n<\/div>\n<\/div>\n<\/div>\n<\/div>\n<div class=\"w-full pt-2 md:pt-0 dark:border-white\/20 md:border-transparent md:dark:border-transparent md:w-[calc(100%-.5rem)]\">\n<form class=\"stretch mx-2 flex flex-row gap-3 last:mb-2 md:mx-4 md:last:mb-6 lg:mx-auto lg:max-w-2xl xl:max-w-3xl\">\n<div class=\"relative flex h-full flex-1 flex-col\">\n<div class=\"absolute bottom-full left-0 right-0\"><\/div>\n<div class=\"flex w-full items-center\"><\/div>\n<\/div>\n<\/form>\n<\/div>\n","protected":false},"featured_media":6400,"template":"","meta":{"_joinchat":[]},"product_brand":[],"product_cat":[42],"product_tag":[],"class_list":{"0":"post-6395","1":"product","2":"type-product","3":"status-publish","4":"has-post-thumbnail","6":"product_cat-la-serena","8":"first","9":"instock","10":"featured","11":"shipping-taxable","12":"product-type-simple"},"yoast_head":"<!-- This site is optimized with the Yoast SEO plugin v26.8 - https:\/\/yoast.com\/product\/yoast-seo-wordpress\/ -->\n<title>CF04 : Pisquera Capel Experience (visite premium dans la vall\u00e9e de l&#039;Elqui) - Travvel Turismo Cochiguaz<\/title>\n<meta name=\"robots\" content=\"index, follow, max-snippet:-1, max-image-preview:large, max-video-preview:-1\" \/>\n<link rel=\"canonical\" href=\"https:\/\/www.travelturismocochiguaz.cl\/fr\/tienda\/la-serena\/cf04-pisquera-capel-experience-visite-premium-dans-la-vallee-de-lelqui\/\" \/>\n<meta property=\"og:locale\" content=\"es_ES\" \/>\n<meta property=\"og:type\" content=\"article\" \/>\n<meta property=\"og:title\" content=\"CF04 : Pisquera Capel Experience (visite premium dans la vall\u00e9e de l&#039;Elqui) - Travvel Turismo Cochiguaz\" \/>\n<meta property=\"og:url\" content=\"https:\/\/www.travelturismocochiguaz.cl\/fr\/tienda\/la-serena\/cf04-pisquera-capel-experience-visite-premium-dans-la-vallee-de-lelqui\/\" \/>\n<meta property=\"og:site_name\" content=\"Travvel Turismo Cochiguaz\" \/>\n<meta property=\"article:modified_time\" content=\"2025-03-23T18:35:41+00:00\" \/>\n<meta property=\"og:image\" content=\"https:\/\/www.travelturismocochiguaz.cl\/fr\/wp-content\/uploads\/2025\/03\/1-5.png\" \/>\n\t<meta property=\"og:image:width\" content=\"594\" \/>\n\t<meta property=\"og:image:height\" content=\"397\" \/>\n\t<meta property=\"og:image:type\" content=\"image\/png\" \/>\n<meta name=\"twitter:card\" content=\"summary_large_image\" \/>\n<meta name=\"twitter:label1\" content=\"Tiempo de lectura\" \/>\n\t<meta name=\"twitter:data1\" content=\"1 minuto\" \/>\n<script type=\"application\/ld+json\" class=\"yoast-schema-graph\">{\"@context\":\"https:\/\/schema.org\",\"@graph\":[{\"@type\":\"WebPage\",\"@id\":\"https:\/\/www.travelturismocochiguaz.cl\/fr\/tienda\/la-serena\/cf04-pisquera-capel-experience-visite-premium-dans-la-vallee-de-lelqui\/\",\"url\":\"https:\/\/www.travelturismocochiguaz.cl\/fr\/tienda\/la-serena\/cf04-pisquera-capel-experience-visite-premium-dans-la-vallee-de-lelqui\/\",\"name\":\"CF04 : Pisquera Capel Experience (visite premium dans la vall\u00e9e de l'Elqui) - Travvel Turismo Cochiguaz\",\"isPartOf\":{\"@id\":\"https:\/\/www.travelturismocochiguaz.cl\/fr\/#website\"},\"primaryImageOfPage\":{\"@id\":\"https:\/\/www.travelturismocochiguaz.cl\/fr\/tienda\/la-serena\/cf04-pisquera-capel-experience-visite-premium-dans-la-vallee-de-lelqui\/#primaryimage\"},\"image\":{\"@id\":\"https:\/\/www.travelturismocochiguaz.cl\/fr\/tienda\/la-serena\/cf04-pisquera-capel-experience-visite-premium-dans-la-vallee-de-lelqui\/#primaryimage\"},\"thumbnailUrl\":\"https:\/\/www.travelturismocochiguaz.cl\/fr\/wp-content\/uploads\/2025\/03\/1-5.png\",\"datePublished\":\"2025-03-19T21:13:38+00:00\",\"dateModified\":\"2025-03-23T18:35:41+00:00\",\"breadcrumb\":{\"@id\":\"https:\/\/www.travelturismocochiguaz.cl\/fr\/tienda\/la-serena\/cf04-pisquera-capel-experience-visite-premium-dans-la-vallee-de-lelqui\/#breadcrumb\"},\"inLanguage\":\"es\",\"potentialAction\":[{\"@type\":\"ReadAction\",\"target\":[\"https:\/\/www.travelturismocochiguaz.cl\/fr\/tienda\/la-serena\/cf04-pisquera-capel-experience-visite-premium-dans-la-vallee-de-lelqui\/\"]}]},{\"@type\":\"ImageObject\",\"inLanguage\":\"es\",\"@id\":\"https:\/\/www.travelturismocochiguaz.cl\/fr\/tienda\/la-serena\/cf04-pisquera-capel-experience-visite-premium-dans-la-vallee-de-lelqui\/#primaryimage\",\"url\":\"https:\/\/www.travelturismocochiguaz.cl\/fr\/wp-content\/uploads\/2025\/03\/1-5.png\",\"contentUrl\":\"https:\/\/www.travelturismocochiguaz.cl\/fr\/wp-content\/uploads\/2025\/03\/1-5.png\",\"width\":594,\"height\":397},{\"@type\":\"BreadcrumbList\",\"@id\":\"https:\/\/www.travelturismocochiguaz.cl\/fr\/tienda\/la-serena\/cf04-pisquera-capel-experience-visite-premium-dans-la-vallee-de-lelqui\/#breadcrumb\",\"itemListElement\":[{\"@type\":\"ListItem\",\"position\":1,\"name\":\"Portada\",\"item\":\"https:\/\/www.travelturismocochiguaz.cl\/fr\/\"},{\"@type\":\"ListItem\",\"position\":2,\"name\":\"Tienda\",\"item\":\"https:\/\/www.travelturismocochiguaz.cl\/fr\/tienda\/\"},{\"@type\":\"ListItem\",\"position\":3,\"name\":\"CF04 : Pisquera Capel Experience (visite premium dans la vall\u00e9e de l&#8217;Elqui)\"}]},{\"@type\":\"WebSite\",\"@id\":\"https:\/\/www.travelturismocochiguaz.cl\/fr\/#website\",\"url\":\"https:\/\/www.travelturismocochiguaz.cl\/fr\/\",\"name\":\"Travvel Turismo Cochiguaz\",\"description\":\"Tour operador de cruceros y m&aacute;s.\",\"potentialAction\":[{\"@type\":\"SearchAction\",\"target\":{\"@type\":\"EntryPoint\",\"urlTemplate\":\"https:\/\/www.travelturismocochiguaz.cl\/fr\/?s={search_term_string}\"},\"query-input\":{\"@type\":\"PropertyValueSpecification\",\"valueRequired\":true,\"valueName\":\"search_term_string\"}}],\"inLanguage\":\"es\"}]}<\/script>\n<!-- \/ Yoast SEO plugin. -->","yoast_head_json":{"title":"CF04 : Pisquera Capel Experience (visite premium dans la vall\u00e9e de l'Elqui) - Travvel Turismo Cochiguaz","robots":{"index":"index","follow":"follow","max-snippet":"max-snippet:-1","max-image-preview":"max-image-preview:large","max-video-preview":"max-video-preview:-1"},"canonical":"https:\/\/www.travelturismocochiguaz.cl\/fr\/tienda\/la-serena\/cf04-pisquera-capel-experience-visite-premium-dans-la-vallee-de-lelqui\/","og_locale":"es_ES","og_type":"article","og_title":"CF04 : Pisquera Capel Experience (visite premium dans la vall\u00e9e de l'Elqui) - Travvel Turismo Cochiguaz","og_url":"https:\/\/www.travelturismocochiguaz.cl\/fr\/tienda\/la-serena\/cf04-pisquera-capel-experience-visite-premium-dans-la-vallee-de-lelqui\/","og_site_name":"Travvel Turismo Cochiguaz","article_modified_time":"2025-03-23T18:35:41+00:00","og_image":[{"width":594,"height":397,"url":"https:\/\/www.travelturismocochiguaz.cl\/fr\/wp-content\/uploads\/2025\/03\/1-5.png","type":"image\/png"}],"twitter_card":"summary_large_image","twitter_misc":{"Tiempo de lectura":"1 minuto"},"schema":{"@context":"https:\/\/schema.org","@graph":[{"@type":"WebPage","@id":"https:\/\/www.travelturismocochiguaz.cl\/fr\/tienda\/la-serena\/cf04-pisquera-capel-experience-visite-premium-dans-la-vallee-de-lelqui\/","url":"https:\/\/www.travelturismocochiguaz.cl\/fr\/tienda\/la-serena\/cf04-pisquera-capel-experience-visite-premium-dans-la-vallee-de-lelqui\/","name":"CF04 : Pisquera Capel Experience (visite premium dans la vall\u00e9e de l'Elqui) - Travvel Turismo Cochiguaz","isPartOf":{"@id":"https:\/\/www.travelturismocochiguaz.cl\/fr\/#website"},"primaryImageOfPage":{"@id":"https:\/\/www.travelturismocochiguaz.cl\/fr\/tienda\/la-serena\/cf04-pisquera-capel-experience-visite-premium-dans-la-vallee-de-lelqui\/#primaryimage"},"image":{"@id":"https:\/\/www.travelturismocochiguaz.cl\/fr\/tienda\/la-serena\/cf04-pisquera-capel-experience-visite-premium-dans-la-vallee-de-lelqui\/#primaryimage"},"thumbnailUrl":"https:\/\/www.travelturismocochiguaz.cl\/fr\/wp-content\/uploads\/2025\/03\/1-5.png","datePublished":"2025-03-19T21:13:38+00:00","dateModified":"2025-03-23T18:35:41+00:00","breadcrumb":{"@id":"https:\/\/www.travelturismocochiguaz.cl\/fr\/tienda\/la-serena\/cf04-pisquera-capel-experience-visite-premium-dans-la-vallee-de-lelqui\/#breadcrumb"},"inLanguage":"es","potentialAction":[{"@type":"ReadAction","target":["https:\/\/www.travelturismocochiguaz.cl\/fr\/tienda\/la-serena\/cf04-pisquera-capel-experience-visite-premium-dans-la-vallee-de-lelqui\/"]}]},{"@type":"ImageObject","inLanguage":"es","@id":"https:\/\/www.travelturismocochiguaz.cl\/fr\/tienda\/la-serena\/cf04-pisquera-capel-experience-visite-premium-dans-la-vallee-de-lelqui\/#primaryimage","url":"https:\/\/www.travelturismocochiguaz.cl\/fr\/wp-content\/uploads\/2025\/03\/1-5.png","contentUrl":"https:\/\/www.travelturismocochiguaz.cl\/fr\/wp-content\/uploads\/2025\/03\/1-5.png","width":594,"height":397},{"@type":"BreadcrumbList","@id":"https:\/\/www.travelturismocochiguaz.cl\/fr\/tienda\/la-serena\/cf04-pisquera-capel-experience-visite-premium-dans-la-vallee-de-lelqui\/#breadcrumb","itemListElement":[{"@type":"ListItem","position":1,"name":"Portada","item":"https:\/\/www.travelturismocochiguaz.cl\/fr\/"},{"@type":"ListItem","position":2,"name":"Tienda","item":"https:\/\/www.travelturismocochiguaz.cl\/fr\/tienda\/"},{"@type":"ListItem","position":3,"name":"CF04 : Pisquera Capel Experience (visite premium dans la vall\u00e9e de l&#8217;Elqui)"}]},{"@type":"WebSite","@id":"https:\/\/www.travelturismocochiguaz.cl\/fr\/#website","url":"https:\/\/www.travelturismocochiguaz.cl\/fr\/","name":"Travvel Turismo Cochiguaz","description":"Tour operador de cruceros y m&aacute;s.","potentialAction":[{"@type":"SearchAction","target":{"@type":"EntryPoint","urlTemplate":"https:\/\/www.travelturismocochiguaz.cl\/fr\/?s={search_term_string}"},"query-input":{"@type":"PropertyValueSpecification","valueRequired":true,"valueName":"search_term_string"}}],"inLanguage":"es"}]}},"_links":{"self":[{"href":"https:\/\/www.travelturismocochiguaz.cl\/fr\/wp-json\/wp\/v2\/product\/6395","targetHints":{"allow":["GET"]}}],"collection":[{"href":"https:\/\/www.travelturismocochiguaz.cl\/fr\/wp-json\/wp\/v2\/product"}],"about":[{"href":"https:\/\/www.travelturismocochiguaz.cl\/fr\/wp-json\/wp\/v2\/types\/product"}],"wp:featuredmedia":[{"embeddable":true,"href":"https:\/\/www.travelturismocochiguaz.cl\/fr\/wp-json\/wp\/v2\/media\/6400"}],"wp:attachment":[{"href":"https:\/\/www.travelturismocochiguaz.cl\/fr\/wp-json\/wp\/v2\/media?parent=6395"}],"wp:term":[{"taxonomy":"product_brand","embeddable":true,"href":"https:\/\/www.travelturismocochiguaz.cl\/fr\/wp-json\/wp\/v2\/product_brand?post=6395"},{"taxonomy":"product_cat","embeddable":true,"href":"https:\/\/www.travelturismocochiguaz.cl\/fr\/wp-json\/wp\/v2\/product_cat?post=6395"},{"taxonomy":"product_tag","embeddable":true,"href":"https:\/\/www.travelturismocochiguaz.cl\/fr\/wp-json\/wp\/v2\/product_tag?post=6395"}],"curies":[{"name":"wp","href":"https:\/\/api.w.org\/{rel}","templated":true}]}}