{"id":6166,"date":"2025-01-30T17:14:40","date_gmt":"2025-01-30T20:14:40","guid":{"rendered":"https:\/\/www.travelturismocochiguaz.cl\/fr\/?page_id=6166"},"modified":"2025-02-19T19:34:58","modified_gmt":"2025-02-19T22:34:58","slug":"nous","status":"publish","type":"page","link":"https:\/\/www.travelturismocochiguaz.cl\/fr\/nous\/","title":{"rendered":"Nous"},"content":{"rendered":"<section class=\"l-section wpb_row height_medium\"><div class=\"l-section-h i-cf\"><div class=\"g-cols vc_row via_flex valign_top type_default stacking_default\"><div class=\"vc_col-sm-12 wpb_column vc_column_container\"><div class=\"vc_column-inner\"><div class=\"wpb_wrapper\"><div class=\"g-cols wpb_row via_flex valign_top type_default stacking_default\"><div class=\"vc_col-sm-6 wpb_column vc_column_container\"><div class=\"vc_column-inner\"><div class=\"wpb_wrapper\"><div class=\"wpb_text_column\"><div class=\"wpb_wrapper\"><p><strong>Nos croisi\u00e8res exclusives<\/strong><br \/>\n\u00ab Explorez la magie du nord du Chili : d\u00e9couvrez nos destinations dans la vall\u00e9e de l&#8217;Elqui, La Serena et Coquimbo<\/p>\n<p>Bienvenue dans notre deuxi\u00e8me section, o\u00f9 nous vous invitons \u00e0 vous immerger dans la beaut\u00e9 et le charme du nord du Chili ! Dans cette section, nous vous emm\u00e8nerons dans un voyage unique \u00e0 travers la vall\u00e9e d&#8217;Elqui, la ville anim\u00e9e de La Serena et le port pittoresque de Coquimbo.<\/p>\n<p>Nos services sont con\u00e7us pour vous montrer le meilleur de cette r\u00e9gion fascinante. Des vignobles parsemant les collines de la vall\u00e9e d&#8217;Elqui aux plages dor\u00e9es de La Serena et aux march\u00e9s color\u00e9s de Coquimbo, chaque destination vous coupera le souffle.<\/p>\n<p>Avec des guides experts qui connaissent la r\u00e9gion comme leur poche, nous vous emm\u00e8nerons \u00e0 la d\u00e9couverte des secrets les mieux gard\u00e9s de chaque lieu. Vous pourrez explorer la riche histoire coloniale de La Serena et vous \u00e9merveiller devant la beaut\u00e9 naturelle de la c\u00f4te de Coquimbo, nous vous garantissons une exp\u00e9rience que vous n&#8217;oublierez jamais.<\/p>\n<p>Que vous soyez int\u00e9ress\u00e9 par l&#8217;astronomie, la culture locale, la gastronomie ou simplement par la d\u00e9tente et le plaisir du paysage, nos prestations sont con\u00e7ues pour r\u00e9pondre \u00e0 tous vos besoins et envies.<\/p>\n<\/div><\/div><\/div><\/div><\/div><div class=\"vc_col-sm-6 wpb_column vc_column_container\"><div class=\"vc_column-inner type_sticky\"><div class=\"wpb_wrapper\"><div class=\"w-image us_custom_b99d620c align_none\"><div class=\"w-image-h\"><img decoding=\"async\" width=\"1280\" height=\"960\" src=\"https:\/\/www.travelturismocochiguaz.cl\/fr\/wp-content\/uploads\/2024\/03\/WhatsApp-Image-2024-03-24-at-16.43.48.jpeg\" class=\"attachment-full size-full\" alt=\"\" loading=\"lazy\" srcset=\"https:\/\/www.travelturismocochiguaz.cl\/fr\/wp-content\/uploads\/2024\/03\/WhatsApp-Image-2024-03-24-at-16.43.48.jpeg 1280w, https:\/\/www.travelturismocochiguaz.cl\/fr\/wp-content\/uploads\/2024\/03\/WhatsApp-Image-2024-03-24-at-16.43.48-600x450.jpeg 600w, https:\/\/www.travelturismocochiguaz.cl\/fr\/wp-content\/uploads\/2024\/03\/WhatsApp-Image-2024-03-24-at-16.43.48-300x225.jpeg 300w, https:\/\/www.travelturismocochiguaz.cl\/fr\/wp-content\/uploads\/2024\/03\/WhatsApp-Image-2024-03-24-at-16.43.48-1024x768.jpeg 1024w, https:\/\/www.travelturismocochiguaz.cl\/fr\/wp-content\/uploads\/2024\/03\/WhatsApp-Image-2024-03-24-at-16.43.48-768x576.jpeg 768w\" sizes=\"auto, (max-width: 1280px) 100vw, 1280px\" \/><\/div><\/div><\/div><\/div><\/div><\/div><\/div><\/div><\/div><\/div><\/div><\/section>\n","protected":false},"excerpt":{"rendered":"Nos croisi\u00e8res exclusives \u00ab Explorez la magie du nord du Chili : d\u00e9couvrez nos destinations dans la vall\u00e9e de l&#8217;Elqui, La Serena et Coquimbo Bienvenue dans notre deuxi\u00e8me section, o\u00f9 nous vous invitons \u00e0 vous immerger dans la beaut\u00e9 et le charme du nord du Chili ! Dans cette section, nous vous emm\u00e8nerons dans un...","protected":false},"author":3,"featured_media":0,"parent":0,"menu_order":0,"comment_status":"closed","ping_status":"closed","template":"","meta":{"_joinchat":[],"footnotes":""},"class_list":["post-6166","page","type-page","status-publish","hentry"],"yoast_head":"<!-- This site is optimized with the Yoast SEO plugin v26.8 - https:\/\/yoast.com\/product\/yoast-seo-wordpress\/ -->\n<title>Nous - Travvel Turismo Cochiguaz<\/title>\n<meta name=\"robots\" content=\"index, follow, max-snippet:-1, max-image-preview:large, max-video-preview:-1\" \/>\n<link rel=\"canonical\" href=\"https:\/\/www.travelturismocochiguaz.cl\/fr\/nous\/\" \/>\n<meta property=\"og:locale\" content=\"es_ES\" \/>\n<meta property=\"og:type\" content=\"article\" \/>\n<meta property=\"og:title\" content=\"Nous - Travvel Turismo Cochiguaz\" \/>\n<meta property=\"og:url\" content=\"https:\/\/www.travelturismocochiguaz.cl\/fr\/nous\/\" \/>\n<meta property=\"og:site_name\" content=\"Travvel Turismo Cochiguaz\" \/>\n<meta property=\"article:modified_time\" content=\"2025-02-19T22:34:58+00:00\" \/>\n<meta name=\"twitter:card\" content=\"summary_large_image\" \/>\n<meta name=\"twitter:label1\" content=\"Tiempo de lectura\" \/>\n\t<meta name=\"twitter:data1\" content=\"1 minuto\" \/>\n<script type=\"application\/ld+json\" class=\"yoast-schema-graph\">{\"@context\":\"https:\/\/schema.org\",\"@graph\":[{\"@type\":\"WebPage\",\"@id\":\"https:\/\/www.travelturismocochiguaz.cl\/fr\/nous\/\",\"url\":\"https:\/\/www.travelturismocochiguaz.cl\/fr\/nous\/\",\"name\":\"Nous - Travvel Turismo Cochiguaz\",\"isPartOf\":{\"@id\":\"https:\/\/www.travelturismocochiguaz.cl\/fr\/#website\"},\"datePublished\":\"2025-01-30T20:14:40+00:00\",\"dateModified\":\"2025-02-19T22:34:58+00:00\",\"breadcrumb\":{\"@id\":\"https:\/\/www.travelturismocochiguaz.cl\/fr\/nous\/#breadcrumb\"},\"inLanguage\":\"es\",\"potentialAction\":[{\"@type\":\"ReadAction\",\"target\":[\"https:\/\/www.travelturismocochiguaz.cl\/fr\/nous\/\"]}]},{\"@type\":\"BreadcrumbList\",\"@id\":\"https:\/\/www.travelturismocochiguaz.cl\/fr\/nous\/#breadcrumb\",\"itemListElement\":[{\"@type\":\"ListItem\",\"position\":1,\"name\":\"Portada\",\"item\":\"https:\/\/www.travelturismocochiguaz.cl\/fr\/\"},{\"@type\":\"ListItem\",\"position\":2,\"name\":\"Nous\"}]},{\"@type\":\"WebSite\",\"@id\":\"https:\/\/www.travelturismocochiguaz.cl\/fr\/#website\",\"url\":\"https:\/\/www.travelturismocochiguaz.cl\/fr\/\",\"name\":\"Travvel Turismo Cochiguaz\",\"description\":\"Tour operador de cruceros y m&aacute;s.\",\"potentialAction\":[{\"@type\":\"SearchAction\",\"target\":{\"@type\":\"EntryPoint\",\"urlTemplate\":\"https:\/\/www.travelturismocochiguaz.cl\/fr\/?s={search_term_string}\"},\"query-input\":{\"@type\":\"PropertyValueSpecification\",\"valueRequired\":true,\"valueName\":\"search_term_string\"}}],\"inLanguage\":\"es\"}]}<\/script>\n<!-- \/ Yoast SEO plugin. -->","yoast_head_json":{"title":"Nous - Travvel Turismo Cochiguaz","robots":{"index":"index","follow":"follow","max-snippet":"max-snippet:-1","max-image-preview":"max-image-preview:large","max-video-preview":"max-video-preview:-1"},"canonical":"https:\/\/www.travelturismocochiguaz.cl\/fr\/nous\/","og_locale":"es_ES","og_type":"article","og_title":"Nous - Travvel Turismo Cochiguaz","og_url":"https:\/\/www.travelturismocochiguaz.cl\/fr\/nous\/","og_site_name":"Travvel Turismo Cochiguaz","article_modified_time":"2025-02-19T22:34:58+00:00","twitter_card":"summary_large_image","twitter_misc":{"Tiempo de lectura":"1 minuto"},"schema":{"@context":"https:\/\/schema.org","@graph":[{"@type":"WebPage","@id":"https:\/\/www.travelturismocochiguaz.cl\/fr\/nous\/","url":"https:\/\/www.travelturismocochiguaz.cl\/fr\/nous\/","name":"Nous - Travvel Turismo Cochiguaz","isPartOf":{"@id":"https:\/\/www.travelturismocochiguaz.cl\/fr\/#website"},"datePublished":"2025-01-30T20:14:40+00:00","dateModified":"2025-02-19T22:34:58+00:00","breadcrumb":{"@id":"https:\/\/www.travelturismocochiguaz.cl\/fr\/nous\/#breadcrumb"},"inLanguage":"es","potentialAction":[{"@type":"ReadAction","target":["https:\/\/www.travelturismocochiguaz.cl\/fr\/nous\/"]}]},{"@type":"BreadcrumbList","@id":"https:\/\/www.travelturismocochiguaz.cl\/fr\/nous\/#breadcrumb","itemListElement":[{"@type":"ListItem","position":1,"name":"Portada","item":"https:\/\/www.travelturismocochiguaz.cl\/fr\/"},{"@type":"ListItem","position":2,"name":"Nous"}]},{"@type":"WebSite","@id":"https:\/\/www.travelturismocochiguaz.cl\/fr\/#website","url":"https:\/\/www.travelturismocochiguaz.cl\/fr\/","name":"Travvel Turismo Cochiguaz","description":"Tour operador de cruceros y m&aacute;s.","potentialAction":[{"@type":"SearchAction","target":{"@type":"EntryPoint","urlTemplate":"https:\/\/www.travelturismocochiguaz.cl\/fr\/?s={search_term_string}"},"query-input":{"@type":"PropertyValueSpecification","valueRequired":true,"valueName":"search_term_string"}}],"inLanguage":"es"}]}},"_links":{"self":[{"href":"https:\/\/www.travelturismocochiguaz.cl\/fr\/wp-json\/wp\/v2\/pages\/6166","targetHints":{"allow":["GET"]}}],"collection":[{"href":"https:\/\/www.travelturismocochiguaz.cl\/fr\/wp-json\/wp\/v2\/pages"}],"about":[{"href":"https:\/\/www.travelturismocochiguaz.cl\/fr\/wp-json\/wp\/v2\/types\/page"}],"author":[{"embeddable":true,"href":"https:\/\/www.travelturismocochiguaz.cl\/fr\/wp-json\/wp\/v2\/users\/3"}],"replies":[{"embeddable":true,"href":"https:\/\/www.travelturismocochiguaz.cl\/fr\/wp-json\/wp\/v2\/comments?post=6166"}],"version-history":[{"count":3,"href":"https:\/\/www.travelturismocochiguaz.cl\/fr\/wp-json\/wp\/v2\/pages\/6166\/revisions"}],"predecessor-version":[{"id":6347,"href":"https:\/\/www.travelturismocochiguaz.cl\/fr\/wp-json\/wp\/v2\/pages\/6166\/revisions\/6347"}],"wp:attachment":[{"href":"https:\/\/www.travelturismocochiguaz.cl\/fr\/wp-json\/wp\/v2\/media?parent=6166"}],"curies":[{"name":"wp","href":"https:\/\/api.w.org\/{rel}","templated":true}]}}