{"id":6411,"date":"2025-03-18T18:31:24","date_gmt":"2025-03-18T21:31:24","guid":{"rendered":"https:\/\/www.travelturismocochiguaz.cl\/de\/?post_type=product&#038;p=6411"},"modified":"2025-03-23T15:31:32","modified_gmt":"2025-03-23T18:31:32","slug":"cf5-petroglyphen-im-valle-del-encanto-glas-wein","status":"publish","type":"product","link":"https:\/\/www.travelturismocochiguaz.cl\/de\/tienda\/sin-categorizar\/cf5-petroglyphen-im-valle-del-encanto-glas-wein\/","title":{"rendered":"CF5: Petroglyphen im Valle del Encanto + Glas Wein"},"content":{"rendered":"<p>Besuch des Encanto-Tals.<br \/>\n\u2714F\u00fchrung durch eine arch\u00e4ologische St\u00e4tte mit Petroglyphen, Piktogrammen und Schalensteinen aus sehr alter Zeit, bemerkenswert f\u00fcr ihre Vielfalt an Darstellungen, ihren Wert als historisches Denkmal und die sie umgebenden Legenden.<br \/>\n\u2714Inklusive einem Glas Wein<br \/>\nR\u00fcckkehr zum Hafen von Coquimbo<\/p>\n","protected":false},"excerpt":{"rendered":"<p>Besuch des Encanto-Tals. \u2714F\u00fchrung durch eine arch\u00e4ologische St\u00e4tte mit Petroglyphen, Piktogrammen und Schalensteinen aus sehr alter Zeit, bemerkenswert f\u00fcr ihre Vielfalt an Darstellungen, ihren Wert als historisches Denkmal und die sie umgebenden Legenden. \u2714Inklusive einem Glas Wein R\u00fcckkehr zum Hafen von Coquimbo<\/p>\n","protected":false},"featured_media":6435,"template":"","meta":{"_joinchat":[]},"product_brand":[],"product_cat":[15],"product_tag":[],"class_list":{"0":"post-6411","1":"product","2":"type-product","3":"status-publish","4":"has-post-thumbnail","6":"product_cat-sin-categorizar","8":"first","9":"instock","10":"shipping-taxable","11":"product-type-simple"},"yoast_head":"<!-- This site is optimized with the Yoast SEO plugin v26.8 - https:\/\/yoast.com\/product\/yoast-seo-wordpress\/ -->\n<title>CF5: Petroglyphen im Valle del Encanto + Glas Wein - Travvel Turismo Cochiguaz<\/title>\n<meta name=\"robots\" content=\"index, follow, max-snippet:-1, max-image-preview:large, max-video-preview:-1\" \/>\n<link rel=\"canonical\" href=\"https:\/\/www.travelturismocochiguaz.cl\/de\/tienda\/sin-categorizar\/cf5-petroglyphen-im-valle-del-encanto-glas-wein\/\" \/>\n<meta property=\"og:locale\" content=\"es_ES\" \/>\n<meta property=\"og:type\" content=\"article\" \/>\n<meta property=\"og:title\" content=\"CF5: Petroglyphen im Valle del Encanto + Glas Wein - Travvel Turismo Cochiguaz\" \/>\n<meta property=\"og:description\" content=\"Besuch des Encanto-Tals. \u2714F\u00fchrung durch eine arch\u00e4ologische St\u00e4tte mit Petroglyphen, Piktogrammen und Schalensteinen aus sehr alter Zeit, bemerkenswert f\u00fcr ihre Vielfalt an Darstellungen, ihren Wert als historisches Denkmal und die sie umgebenden Legenden. \u2714Inklusive einem Glas Wein R\u00fcckkehr zum Hafen von Coquimbo\" \/>\n<meta property=\"og:url\" content=\"https:\/\/www.travelturismocochiguaz.cl\/de\/tienda\/sin-categorizar\/cf5-petroglyphen-im-valle-del-encanto-glas-wein\/\" \/>\n<meta property=\"og:site_name\" content=\"Travvel Turismo Cochiguaz\" \/>\n<meta property=\"article:modified_time\" content=\"2025-03-23T18:31:32+00:00\" \/>\n<meta property=\"og:image\" content=\"https:\/\/www.travelturismocochiguaz.cl\/de\/wp-content\/uploads\/2025\/03\/1-6.png\" \/>\n\t<meta property=\"og:image:width\" content=\"660\" \/>\n\t<meta property=\"og:image:height\" content=\"383\" \/>\n\t<meta property=\"og:image:type\" content=\"image\/png\" \/>\n<meta name=\"twitter:card\" content=\"summary_large_image\" \/>\n<meta name=\"twitter:label1\" content=\"Tiempo de lectura\" \/>\n\t<meta name=\"twitter:data1\" content=\"1 minuto\" \/>\n<script type=\"application\/ld+json\" class=\"yoast-schema-graph\">{\"@context\":\"https:\/\/schema.org\",\"@graph\":[{\"@type\":\"WebPage\",\"@id\":\"https:\/\/www.travelturismocochiguaz.cl\/de\/tienda\/sin-categorizar\/cf5-petroglyphen-im-valle-del-encanto-glas-wein\/\",\"url\":\"https:\/\/www.travelturismocochiguaz.cl\/de\/tienda\/sin-categorizar\/cf5-petroglyphen-im-valle-del-encanto-glas-wein\/\",\"name\":\"CF5: Petroglyphen im Valle del Encanto + Glas Wein - Travvel Turismo Cochiguaz\",\"isPartOf\":{\"@id\":\"https:\/\/www.travelturismocochiguaz.cl\/de\/#website\"},\"primaryImageOfPage\":{\"@id\":\"https:\/\/www.travelturismocochiguaz.cl\/de\/tienda\/sin-categorizar\/cf5-petroglyphen-im-valle-del-encanto-glas-wein\/#primaryimage\"},\"image\":{\"@id\":\"https:\/\/www.travelturismocochiguaz.cl\/de\/tienda\/sin-categorizar\/cf5-petroglyphen-im-valle-del-encanto-glas-wein\/#primaryimage\"},\"thumbnailUrl\":\"https:\/\/www.travelturismocochiguaz.cl\/de\/wp-content\/uploads\/2025\/03\/1-6.png\",\"datePublished\":\"2025-03-18T21:31:24+00:00\",\"dateModified\":\"2025-03-23T18:31:32+00:00\",\"breadcrumb\":{\"@id\":\"https:\/\/www.travelturismocochiguaz.cl\/de\/tienda\/sin-categorizar\/cf5-petroglyphen-im-valle-del-encanto-glas-wein\/#breadcrumb\"},\"inLanguage\":\"es\",\"potentialAction\":[{\"@type\":\"ReadAction\",\"target\":[\"https:\/\/www.travelturismocochiguaz.cl\/de\/tienda\/sin-categorizar\/cf5-petroglyphen-im-valle-del-encanto-glas-wein\/\"]}]},{\"@type\":\"ImageObject\",\"inLanguage\":\"es\",\"@id\":\"https:\/\/www.travelturismocochiguaz.cl\/de\/tienda\/sin-categorizar\/cf5-petroglyphen-im-valle-del-encanto-glas-wein\/#primaryimage\",\"url\":\"https:\/\/www.travelturismocochiguaz.cl\/de\/wp-content\/uploads\/2025\/03\/1-6.png\",\"contentUrl\":\"https:\/\/www.travelturismocochiguaz.cl\/de\/wp-content\/uploads\/2025\/03\/1-6.png\",\"width\":660,\"height\":383},{\"@type\":\"BreadcrumbList\",\"@id\":\"https:\/\/www.travelturismocochiguaz.cl\/de\/tienda\/sin-categorizar\/cf5-petroglyphen-im-valle-del-encanto-glas-wein\/#breadcrumb\",\"itemListElement\":[{\"@type\":\"ListItem\",\"position\":1,\"name\":\"Portada\",\"item\":\"https:\/\/www.travelturismocochiguaz.cl\/de\/\"},{\"@type\":\"ListItem\",\"position\":2,\"name\":\"Tienda\",\"item\":\"https:\/\/www.travelturismocochiguaz.cl\/de\/tienda\/\"},{\"@type\":\"ListItem\",\"position\":3,\"name\":\"CF5: Petroglyphen im Valle del Encanto + Glas Wein\"}]},{\"@type\":\"WebSite\",\"@id\":\"https:\/\/www.travelturismocochiguaz.cl\/de\/#website\",\"url\":\"https:\/\/www.travelturismocochiguaz.cl\/de\/\",\"name\":\"Travvel Turismo Cochiguaz\",\"description\":\"Tour operador de cruceros y m&aacute;s.\",\"potentialAction\":[{\"@type\":\"SearchAction\",\"target\":{\"@type\":\"EntryPoint\",\"urlTemplate\":\"https:\/\/www.travelturismocochiguaz.cl\/de\/?s={search_term_string}\"},\"query-input\":{\"@type\":\"PropertyValueSpecification\",\"valueRequired\":true,\"valueName\":\"search_term_string\"}}],\"inLanguage\":\"es\"}]}<\/script>\n<!-- \/ Yoast SEO plugin. -->","yoast_head_json":{"title":"CF5: Petroglyphen im Valle del Encanto + Glas Wein - Travvel Turismo Cochiguaz","robots":{"index":"index","follow":"follow","max-snippet":"max-snippet:-1","max-image-preview":"max-image-preview:large","max-video-preview":"max-video-preview:-1"},"canonical":"https:\/\/www.travelturismocochiguaz.cl\/de\/tienda\/sin-categorizar\/cf5-petroglyphen-im-valle-del-encanto-glas-wein\/","og_locale":"es_ES","og_type":"article","og_title":"CF5: Petroglyphen im Valle del Encanto + Glas Wein - Travvel Turismo Cochiguaz","og_description":"Besuch des Encanto-Tals. \u2714F\u00fchrung durch eine arch\u00e4ologische St\u00e4tte mit Petroglyphen, Piktogrammen und Schalensteinen aus sehr alter Zeit, bemerkenswert f\u00fcr ihre Vielfalt an Darstellungen, ihren Wert als historisches Denkmal und die sie umgebenden Legenden. \u2714Inklusive einem Glas Wein R\u00fcckkehr zum Hafen von Coquimbo","og_url":"https:\/\/www.travelturismocochiguaz.cl\/de\/tienda\/sin-categorizar\/cf5-petroglyphen-im-valle-del-encanto-glas-wein\/","og_site_name":"Travvel Turismo Cochiguaz","article_modified_time":"2025-03-23T18:31:32+00:00","og_image":[{"width":660,"height":383,"url":"https:\/\/www.travelturismocochiguaz.cl\/de\/wp-content\/uploads\/2025\/03\/1-6.png","type":"image\/png"}],"twitter_card":"summary_large_image","twitter_misc":{"Tiempo de lectura":"1 minuto"},"schema":{"@context":"https:\/\/schema.org","@graph":[{"@type":"WebPage","@id":"https:\/\/www.travelturismocochiguaz.cl\/de\/tienda\/sin-categorizar\/cf5-petroglyphen-im-valle-del-encanto-glas-wein\/","url":"https:\/\/www.travelturismocochiguaz.cl\/de\/tienda\/sin-categorizar\/cf5-petroglyphen-im-valle-del-encanto-glas-wein\/","name":"CF5: Petroglyphen im Valle del Encanto + Glas Wein - Travvel Turismo Cochiguaz","isPartOf":{"@id":"https:\/\/www.travelturismocochiguaz.cl\/de\/#website"},"primaryImageOfPage":{"@id":"https:\/\/www.travelturismocochiguaz.cl\/de\/tienda\/sin-categorizar\/cf5-petroglyphen-im-valle-del-encanto-glas-wein\/#primaryimage"},"image":{"@id":"https:\/\/www.travelturismocochiguaz.cl\/de\/tienda\/sin-categorizar\/cf5-petroglyphen-im-valle-del-encanto-glas-wein\/#primaryimage"},"thumbnailUrl":"https:\/\/www.travelturismocochiguaz.cl\/de\/wp-content\/uploads\/2025\/03\/1-6.png","datePublished":"2025-03-18T21:31:24+00:00","dateModified":"2025-03-23T18:31:32+00:00","breadcrumb":{"@id":"https:\/\/www.travelturismocochiguaz.cl\/de\/tienda\/sin-categorizar\/cf5-petroglyphen-im-valle-del-encanto-glas-wein\/#breadcrumb"},"inLanguage":"es","potentialAction":[{"@type":"ReadAction","target":["https:\/\/www.travelturismocochiguaz.cl\/de\/tienda\/sin-categorizar\/cf5-petroglyphen-im-valle-del-encanto-glas-wein\/"]}]},{"@type":"ImageObject","inLanguage":"es","@id":"https:\/\/www.travelturismocochiguaz.cl\/de\/tienda\/sin-categorizar\/cf5-petroglyphen-im-valle-del-encanto-glas-wein\/#primaryimage","url":"https:\/\/www.travelturismocochiguaz.cl\/de\/wp-content\/uploads\/2025\/03\/1-6.png","contentUrl":"https:\/\/www.travelturismocochiguaz.cl\/de\/wp-content\/uploads\/2025\/03\/1-6.png","width":660,"height":383},{"@type":"BreadcrumbList","@id":"https:\/\/www.travelturismocochiguaz.cl\/de\/tienda\/sin-categorizar\/cf5-petroglyphen-im-valle-del-encanto-glas-wein\/#breadcrumb","itemListElement":[{"@type":"ListItem","position":1,"name":"Portada","item":"https:\/\/www.travelturismocochiguaz.cl\/de\/"},{"@type":"ListItem","position":2,"name":"Tienda","item":"https:\/\/www.travelturismocochiguaz.cl\/de\/tienda\/"},{"@type":"ListItem","position":3,"name":"CF5: Petroglyphen im Valle del Encanto + Glas Wein"}]},{"@type":"WebSite","@id":"https:\/\/www.travelturismocochiguaz.cl\/de\/#website","url":"https:\/\/www.travelturismocochiguaz.cl\/de\/","name":"Travvel Turismo Cochiguaz","description":"Tour operador de cruceros y m&aacute;s.","potentialAction":[{"@type":"SearchAction","target":{"@type":"EntryPoint","urlTemplate":"https:\/\/www.travelturismocochiguaz.cl\/de\/?s={search_term_string}"},"query-input":{"@type":"PropertyValueSpecification","valueRequired":true,"valueName":"search_term_string"}}],"inLanguage":"es"}]}},"_links":{"self":[{"href":"https:\/\/www.travelturismocochiguaz.cl\/de\/wp-json\/wp\/v2\/product\/6411","targetHints":{"allow":["GET"]}}],"collection":[{"href":"https:\/\/www.travelturismocochiguaz.cl\/de\/wp-json\/wp\/v2\/product"}],"about":[{"href":"https:\/\/www.travelturismocochiguaz.cl\/de\/wp-json\/wp\/v2\/types\/product"}],"wp:featuredmedia":[{"embeddable":true,"href":"https:\/\/www.travelturismocochiguaz.cl\/de\/wp-json\/wp\/v2\/media\/6435"}],"wp:attachment":[{"href":"https:\/\/www.travelturismocochiguaz.cl\/de\/wp-json\/wp\/v2\/media?parent=6411"}],"wp:term":[{"taxonomy":"product_brand","embeddable":true,"href":"https:\/\/www.travelturismocochiguaz.cl\/de\/wp-json\/wp\/v2\/product_brand?post=6411"},{"taxonomy":"product_cat","embeddable":true,"href":"https:\/\/www.travelturismocochiguaz.cl\/de\/wp-json\/wp\/v2\/product_cat?post=6411"},{"taxonomy":"product_tag","embeddable":true,"href":"https:\/\/www.travelturismocochiguaz.cl\/de\/wp-json\/wp\/v2\/product_tag?post=6411"}],"curies":[{"name":"wp","href":"https:\/\/api.w.org\/{rel}","templated":true}]}}