{"id":6186,"date":"2025-01-30T17:26:34","date_gmt":"2025-01-30T20:26:34","guid":{"rendered":"https:\/\/www.travelturismocochiguaz.cl\/de\/?page_id=6186"},"modified":"2025-02-19T17:04:45","modified_gmt":"2025-02-19T20:04:45","slug":"der-blog","status":"publish","type":"page","link":"https:\/\/www.travelturismocochiguaz.cl\/de\/der-blog\/","title":{"rendered":"Der Blog"},"content":{"rendered":"<section class=\"l-section wpb_row height_medium\"><div class=\"l-section-h i-cf\"><div class=\"g-cols vc_row via_flex valign_top type_default stacking_default\"><div class=\"vc_col-sm-12 wpb_column vc_column_container\"><div class=\"vc_column-inner\"><div class=\"wpb_wrapper\"><div class=\"w-grid us_post_list type_grid layout_blog_8 cols_2 pagination_load_on_scroll overflow_hidden\" id=\"us_post_list_bfa9\" style=\"--gap:1.5rem;\" data-filterable=\"true\"><style>@media (max-width:600px){#us_post_list_bfa9 .w-grid-list{margin:0}#us_post_list_bfa9 .w-grid-item{width:100%;padding:0;margin-bottom:var(--gap,0px)}}.layout_blog_8 .w-grid-item-h{}@media(max-width:599px){.layout_blog_8 .usg_post_date_1{display:none!important}}@media(max-width:599px){.layout_blog_8 .usg_post_content_1{display:none!important}}.layout_blog_8 .usg_post_image_1{width:50%!important}.layout_blog_8 .usg_vwrapper_1{width:50%!important;margin-right:0!important}.layout_blog_8 .usg_hwrapper_2{margin-bottom:0!important}.layout_blog_8 .usg_post_taxonomy_1{font-size:14px!important;line-height:1.4!important;font-weight:700!important;text-transform:uppercase!important;margin-right:0.8rem!important}.layout_blog_8 .usg_post_date_1{color:var(--color-content-faded)!important;font-size:14px!important;line-height:1.4!important}.layout_blog_8 .usg_post_title_1{color:var(--color-content-heading)!important;font-size:1.8rem!important;line-height:1.2!important;margin-right:-35%!important;margin-bottom:0!important;padding-top:1rem!important;padding-right:1.2rem!important;padding-bottom:1rem!important;background:var(--color-content-bg)!important}.layout_blog_8 .usg_post_content_1{font-size:0.9rem!important;line-height:1.6!important;padding-right:1.5rem!important}@media (max-width:600px){.layout_blog_8 .usg_post_title_1{font-size:1.2rem!important;margin-right:0!important;padding-bottom:0!important}}<\/style><div class=\"w-grid-list\">\t<article class=\"w-grid-item size_1x1 post-3020 post type-post status-publish format-standard has-post-thumbnail hentry category-valle-del-elqui\" data-id=\"3020\">\r\n\t\t<div class=\"w-grid-item-h\">\r\n\t\t\t\t\t\t<div class=\"w-hwrapper usg_hwrapper_1 align_none valign_top\"><div class=\"w-vwrapper usg_vwrapper_1 align_none valign_top\"><div class=\"w-hwrapper usg_hwrapper_2 align_none valign_top wrap\"><div class=\"w-post-elm post_taxonomy usg_post_taxonomy_1 style_simple\"><a class=\"term-39 term-valle-del-elqui\" href=\"https:\/\/www.travelturismocochiguaz.cl\/de\/category\/valle-del-elqui\/\">Valle del Elqu\u00ed<\/a><\/div><time class=\"w-post-elm post_date usg_post_date_1 has_text_color entry-date published\" datetime=\"2022-04-25T05:06:01-04:00\" title=\"25 abril 2022 a las 05:06:01 America\/Santiago\">hace 4 a\u00f1os<\/time><\/div><h2 class=\"w-post-elm post_title usg_post_title_1 has_text_color entry-title color_link_inherit\"><a href=\"https:\/\/www.travelturismocochiguaz.cl\/de\/erkundung-des-magischen-elqui-tals-ein-unvergessliches-abenteuer\/\">Erkundung des magischen Elqui-Tals: Ein unvergessliches Abenteuer<\/a><\/h2><div class=\"w-post-elm post_content usg_post_content_1\">Entdecken Sie ein verborgenes Geheimnis im Herzen Chiles Haben Sie schon einmal von einem Ort geh\u00f6rt, an dem der Himmel n\u00e4her ist und die&hellip;<\/div><\/div><div class=\"w-post-elm post_image usg_post_image_1 has_width has_ratio\"><a href=\"https:\/\/www.travelturismocochiguaz.cl\/de\/erkundung-des-magischen-elqui-tals-ein-unvergessliches-abenteuer\/\" aria-label=\"Erkundung des magischen Elqui-Tals: Ein unvergessliches Abenteuer\"><img loading=\"lazy\" decoding=\"async\" width=\"1024\" height=\"576\" src=\"https:\/\/www.travelturismocochiguaz.cl\/de\/wp-content\/uploads\/2022\/04\/valle-del-elqui-1-1024x576.png\" class=\"attachment-large size-large wp-post-image\" alt=\"\" \/><\/a><div style=\"padding-bottom:100%\"><\/div><\/div><\/div>\t\t<\/div>\r\n\t\t\t<\/article>\r\n\t<article class=\"w-grid-item size_1x1 post-1149 post type-post status-publish format-standard has-post-thumbnail hentry category-coquimbo\" data-id=\"1149\">\r\n\t\t<div class=\"w-grid-item-h\">\r\n\t\t\t\t\t\t<div class=\"w-hwrapper usg_hwrapper_1 align_none valign_top\"><div class=\"w-vwrapper usg_vwrapper_1 align_none valign_top\"><div class=\"w-hwrapper usg_hwrapper_2 align_none valign_top wrap\"><div class=\"w-post-elm post_taxonomy usg_post_taxonomy_1 style_simple\"><a class=\"term-40 term-coquimbo\" href=\"https:\/\/www.travelturismocochiguaz.cl\/de\/category\/coquimbo\/\">Coquimbo<\/a><\/div><time class=\"w-post-elm post_date usg_post_date_1 has_text_color entry-date published\" datetime=\"2022-04-19T02:24:19-04:00\" title=\"19 abril 2022 a las 02:24:19 America\/Santiago\">hace 4 a\u00f1os<\/time><\/div><h2 class=\"w-post-elm post_title usg_post_title_1 has_text_color entry-title color_link_inherit\"><a href=\"https:\/\/www.travelturismocochiguaz.cl\/de\/entdecken-sie-die-region-coquimbo-mit-cochiguaz-tourism-ein-unvergessliches-abenteuer\/\">Entdecken Sie die Region Coquimbo mit Cochiguaz Tourism: Ein unvergessliches Abenteuer<\/a><\/h2><div class=\"w-post-elm post_content usg_post_content_1\">Eine Reise nach Coquimbo: Mehr als nur ein Reiseziel Haben Sie jemals von einem Ort getr\u00e4umt, der alles bietet, vom Sternenhimmel \u00fcber goldene Str\u00e4nde&hellip;<\/div><\/div><div class=\"w-post-elm post_image usg_post_image_1 has_width has_ratio\"><a href=\"https:\/\/www.travelturismocochiguaz.cl\/de\/entdecken-sie-die-region-coquimbo-mit-cochiguaz-tourism-ein-unvergessliches-abenteuer\/\" aria-label=\"Entdecken Sie die Region Coquimbo mit Cochiguaz Tourism: Ein unvergessliches Abenteuer\"><img loading=\"lazy\" decoding=\"async\" width=\"1024\" height=\"576\" src=\"https:\/\/www.travelturismocochiguaz.cl\/de\/wp-content\/uploads\/2022\/04\/coquimbo-1-1024x576.png\" class=\"attachment-large size-large wp-post-image\" alt=\"\" \/><\/a><div style=\"padding-bottom:100%\"><\/div><\/div><\/div>\t\t<\/div>\r\n\t\t\t<\/article>\r\n\t<article class=\"w-grid-item size_1x1 post-1145 post type-post status-publish format-standard has-post-thumbnail hentry category-coquimbo\" data-id=\"1145\">\r\n\t\t<div class=\"w-grid-item-h\">\r\n\t\t\t\t\t\t<div class=\"w-hwrapper usg_hwrapper_1 align_none valign_top\"><div class=\"w-vwrapper usg_vwrapper_1 align_none valign_top\"><div class=\"w-hwrapper usg_hwrapper_2 align_none valign_top wrap\"><div class=\"w-post-elm post_taxonomy usg_post_taxonomy_1 style_simple\"><a class=\"term-40 term-coquimbo\" href=\"https:\/\/www.travelturismocochiguaz.cl\/de\/category\/coquimbo\/\">Coquimbo<\/a><\/div><time class=\"w-post-elm post_date usg_post_date_1 has_text_color entry-date published\" datetime=\"2022-04-19T02:21:29-04:00\" title=\"19 abril 2022 a las 02:21:29 America\/Santiago\">hace 4 a\u00f1os<\/time><\/div><h2 class=\"w-post-elm post_title usg_post_title_1 has_text_color entry-title color_link_inherit\"><a href=\"https:\/\/www.travelturismocochiguaz.cl\/de\/entdecken-sie-coquimbo-mit-turismo-cochiguaz-ihrem-vertrauenswurdigen-reiseveranstalter\/\">Entdecken Sie Coquimbo mit Turismo Cochiguaz: Ihrem vertrauensw\u00fcrdigen Reiseveranstalter<\/a><\/h2><div class=\"w-post-elm post_content usg_post_content_1\">Begeben Sie sich auf ein einzigartiges Abenteuer durch Coquimbo Stellen Sie sich einen Ort vor, an dem das Meer, der Sternenhimmel und die Berge&hellip;<\/div><\/div><div class=\"w-post-elm post_image usg_post_image_1 has_width has_ratio\"><a href=\"https:\/\/www.travelturismocochiguaz.cl\/de\/entdecken-sie-coquimbo-mit-turismo-cochiguaz-ihrem-vertrauenswurdigen-reiseveranstalter\/\" aria-label=\"Entdecken Sie Coquimbo mit Turismo Cochiguaz: Ihrem vertrauensw\u00fcrdigen Reiseveranstalter\"><img loading=\"lazy\" decoding=\"async\" width=\"1024\" height=\"576\" src=\"https:\/\/www.travelturismocochiguaz.cl\/de\/wp-content\/uploads\/2022\/04\/coquimbo-tour-1-1024x576.png\" class=\"attachment-large size-large wp-post-image\" alt=\"\" \/><\/a><div style=\"padding-bottom:100%\"><\/div><\/div><\/div>\t\t<\/div>\r\n\t\t\t<\/article>\r\n\t<article class=\"w-grid-item size_1x1 post-31 post type-post status-publish format-standard has-post-thumbnail hentry category-isla-damas\" data-id=\"31\">\r\n\t\t<div class=\"w-grid-item-h\">\r\n\t\t\t\t\t\t<div class=\"w-hwrapper usg_hwrapper_1 align_none valign_top\"><div class=\"w-vwrapper usg_vwrapper_1 align_none valign_top\"><div class=\"w-hwrapper usg_hwrapper_2 align_none valign_top wrap\"><div class=\"w-post-elm post_taxonomy usg_post_taxonomy_1 style_simple\"><a class=\"term-41 term-isla-damas\" href=\"https:\/\/www.travelturismocochiguaz.cl\/de\/category\/isla-damas\/\">Isla Damas<\/a><\/div><time class=\"w-post-elm post_date usg_post_date_1 has_text_color entry-date published\" datetime=\"2022-04-06T03:43:00-04:00\" title=\"6 abril 2022 a las 03:43:00 America\/Santiago\">hace 4 a\u00f1os<\/time><\/div><h2 class=\"w-post-elm post_title usg_post_title_1 has_text_color entry-title color_link_inherit\"><a href=\"https:\/\/www.travelturismocochiguaz.cl\/de\/entdecken-sie-die-insel-damas-mit-cochiguaz-tourism-ein-unvergessliches-abenteuer\/\">Entdecken Sie die Insel Damas mit Cochiguaz Tourism: Ein unvergessliches Abenteuer<\/a><\/h2><div class=\"w-post-elm post_content usg_post_content_1\">Sind Sie bereit f\u00fcr ein Abenteuer auf Damas Island? Stellen Sie sich einen Ort vor, an dem das Blau des Meeres auf eine reiche&hellip;<\/div><\/div><div class=\"w-post-elm post_image usg_post_image_1 has_width has_ratio\"><a href=\"https:\/\/www.travelturismocochiguaz.cl\/de\/entdecken-sie-die-insel-damas-mit-cochiguaz-tourism-ein-unvergessliches-abenteuer\/\" aria-label=\"Entdecken Sie die Insel Damas mit Cochiguaz Tourism: Ein unvergessliches Abenteuer\"><img loading=\"lazy\" decoding=\"async\" width=\"1024\" height=\"512\" src=\"https:\/\/www.travelturismocochiguaz.cl\/de\/wp-content\/uploads\/2022\/04\/Isla-Damas1-1-1024x512.jpg\" class=\"attachment-large size-large wp-post-image\" alt=\"\" \/><\/a><div style=\"padding-bottom:100%\"><\/div><\/div><\/div>\t\t<\/div>\r\n\t\t\t<\/article>\r\n<\/div><div class=\"g-loadmore hidden\"><div class=\"g-preloader type_1\"><div><\/div><\/div><\/div><div class=\"w-grid-list-json hidden\" onclick='return {&quot;max_num_pages&quot;:1,&quot;pagination&quot;:&quot;load_on_scroll&quot;,&quot;paged&quot;:1,&quot;ajaxData&quot;:{&quot;_nonce&quot;:&quot;45a5b0ef91&quot;,&quot;action&quot;:&quot;us_ajax_post_list&quot;,&quot;template_vars&quot;:{&quot;paged&quot;:1,&quot;max_num_pages&quot;:1,&quot;no_results&quot;:false,&quot;source&quot;:&quot;all&quot;,&quot;ids&quot;:null,&quot;post_type&quot;:&quot;post&quot;,&quot;post_author&quot;:&quot;any&quot;,&quot;post_author_ids&quot;:&quot;&quot;,&quot;exclude_children&quot;:0,&quot;exclude_current_post&quot;:&quot;0&quot;,&quot;exclude_prev_posts&quot;:0,&quot;apply_url_params&quot;:0,&quot;tax_query_relation&quot;:&quot;none&quot;,&quot;tax_query&quot;:[{&quot;operator&quot;:&quot;IN&quot;,&quot;taxonomy&quot;:&quot;category&quot;,&quot;terms&quot;:&quot;&quot;,&quot;include_children&quot;:0}],&quot;meta_query_relation&quot;:&quot;none&quot;,&quot;meta_query&quot;:[{&quot;key&quot;:&quot;custom_field_name&quot;,&quot;compare&quot;:&quot;=&quot;,&quot;value&quot;:&quot;&quot;}],&quot;orderby&quot;:&quot;date&quot;,&quot;orderby_custom_field&quot;:&quot;&quot;,&quot;orderby_custom_type&quot;:0,&quot;order_invert&quot;:&quot;1&quot;,&quot;show_all&quot;:&quot;1&quot;,&quot;quantity&quot;:&quot;12&quot;,&quot;no_items_action&quot;:&quot;message&quot;,&quot;no_items_message&quot;:&quot;No se han encontrado resultados.&quot;,&quot;no_items_page_block&quot;:&quot;&quot;,&quot;pagination&quot;:&quot;load_on_scroll&quot;,&quot;pagination_style&quot;:&quot;&quot;,&quot;pagination_btn_text&quot;:&quot;Cargar m\\u00e1s&quot;,&quot;pagination_btn_size&quot;:&quot;&quot;,&quot;pagination_btn_style&quot;:&quot;1&quot;,&quot;pagination_btn_fullwidth&quot;:0,&quot;items_layout&quot;:&quot;blog_8&quot;,&quot;type&quot;:&quot;grid&quot;,&quot;items_valign&quot;:0,&quot;ignore_items_size&quot;:0,&quot;load_animation&quot;:&quot;none&quot;,&quot;columns&quot;:&quot;2&quot;,&quot;items_gap&quot;:&quot;1.5rem&quot;,&quot;img_size&quot;:&quot;default&quot;,&quot;title_size&quot;:&quot;&quot;,&quot;items_ratio&quot;:&quot;default&quot;,&quot;items_ratio_width&quot;:&quot;21&quot;,&quot;items_ratio_height&quot;:&quot;9&quot;,&quot;overriding_link&quot;:&quot;%7B%22url%22%3A%22%22%7D&quot;,&quot;popup_width&quot;:&quot;&quot;,&quot;popup_arrows&quot;:1,&quot;breakpoint_1_width&quot;:&quot;1381px&quot;,&quot;breakpoint_1_cols&quot;:&quot;default&quot;,&quot;breakpoint_1_gap&quot;:&quot;&quot;,&quot;breakpoint_2_width&quot;:&quot;1025px&quot;,&quot;breakpoint_2_cols&quot;:&quot;2&quot;,&quot;breakpoint_2_gap&quot;:&quot;&quot;,&quot;breakpoint_3_width&quot;:&quot;601px&quot;,&quot;breakpoint_3_cols&quot;:&quot;1&quot;,&quot;breakpoint_3_gap&quot;:&quot;&quot;,&quot;conditions_operator&quot;:&quot;always&quot;,&quot;conditions&quot;:[],&quot;css&quot;:null,&quot;el_class&quot;:&quot;&quot;,&quot;el_id&quot;:&quot;&quot;,&quot;enable_custom_html_atts&quot;:0,&quot;custom_html_atts&quot;:null,&quot;hide_on_states&quot;:&quot;&quot;,&quot;hide_for_sticky&quot;:0,&quot;hide_for_not_sticky&quot;:0,&quot;hide_below&quot;:&quot;0px&quot;,&quot;hide_above&quot;:&quot;0px&quot;,&quot;classes&quot;:&quot;&quot;}}}'><\/div><\/div><\/div><\/div><\/div><\/div><\/div><\/section>\n","protected":false},"excerpt":{"rendered":"Sind Sie bereit f\u00fcr ein Abenteuer auf Damas Island? Stellen Sie sich einen Ort vor, an dem das Blau des Meeres auf eine reiche Artenvielfalt und eine faszinierende Geschichte trifft. Dieser Ort ist Isla Damas, ein verstecktes Juwel in der Region Coquimbo. Aber wie k\u00f6nnen Sie dieses Paradies am besten erkunden? Hier wird Turismo Cochiguaz,...","protected":false},"author":3,"featured_media":0,"parent":0,"menu_order":0,"comment_status":"closed","ping_status":"closed","template":"","meta":{"_joinchat":[],"footnotes":""},"class_list":["post-6186","page","type-page","status-publish","hentry"],"yoast_head":"<!-- This site is optimized with the Yoast SEO plugin v26.8 - https:\/\/yoast.com\/product\/yoast-seo-wordpress\/ -->\n<title>Der Blog - Travvel Turismo Cochiguaz<\/title>\n<meta name=\"robots\" content=\"index, follow, max-snippet:-1, max-image-preview:large, max-video-preview:-1\" \/>\n<link rel=\"canonical\" href=\"https:\/\/www.travelturismocochiguaz.cl\/de\/der-blog\/\" \/>\n<meta property=\"og:locale\" content=\"es_ES\" \/>\n<meta property=\"og:type\" content=\"article\" \/>\n<meta property=\"og:title\" content=\"Der Blog - Travvel Turismo Cochiguaz\" \/>\n<meta property=\"og:url\" content=\"https:\/\/www.travelturismocochiguaz.cl\/de\/der-blog\/\" \/>\n<meta property=\"og:site_name\" content=\"Travvel Turismo Cochiguaz\" \/>\n<meta property=\"article:modified_time\" content=\"2025-02-19T20:04:45+00:00\" \/>\n<meta name=\"twitter:card\" content=\"summary_large_image\" \/>\n<meta name=\"twitter:label1\" content=\"Tiempo de lectura\" \/>\n\t<meta name=\"twitter:data1\" content=\"1 minuto\" \/>\n<script type=\"application\/ld+json\" class=\"yoast-schema-graph\">{\"@context\":\"https:\/\/schema.org\",\"@graph\":[{\"@type\":\"WebPage\",\"@id\":\"https:\/\/www.travelturismocochiguaz.cl\/de\/der-blog\/\",\"url\":\"https:\/\/www.travelturismocochiguaz.cl\/de\/der-blog\/\",\"name\":\"Der Blog - Travvel Turismo Cochiguaz\",\"isPartOf\":{\"@id\":\"https:\/\/www.travelturismocochiguaz.cl\/de\/#website\"},\"datePublished\":\"2025-01-30T20:26:34+00:00\",\"dateModified\":\"2025-02-19T20:04:45+00:00\",\"breadcrumb\":{\"@id\":\"https:\/\/www.travelturismocochiguaz.cl\/de\/der-blog\/#breadcrumb\"},\"inLanguage\":\"es\",\"potentialAction\":[{\"@type\":\"ReadAction\",\"target\":[\"https:\/\/www.travelturismocochiguaz.cl\/de\/der-blog\/\"]}]},{\"@type\":\"BreadcrumbList\",\"@id\":\"https:\/\/www.travelturismocochiguaz.cl\/de\/der-blog\/#breadcrumb\",\"itemListElement\":[{\"@type\":\"ListItem\",\"position\":1,\"name\":\"Portada\",\"item\":\"https:\/\/www.travelturismocochiguaz.cl\/de\/\"},{\"@type\":\"ListItem\",\"position\":2,\"name\":\"Der Blog\"}]},{\"@type\":\"WebSite\",\"@id\":\"https:\/\/www.travelturismocochiguaz.cl\/de\/#website\",\"url\":\"https:\/\/www.travelturismocochiguaz.cl\/de\/\",\"name\":\"Travvel Turismo Cochiguaz\",\"description\":\"Tour operador de cruceros y m&aacute;s.\",\"potentialAction\":[{\"@type\":\"SearchAction\",\"target\":{\"@type\":\"EntryPoint\",\"urlTemplate\":\"https:\/\/www.travelturismocochiguaz.cl\/de\/?s={search_term_string}\"},\"query-input\":{\"@type\":\"PropertyValueSpecification\",\"valueRequired\":true,\"valueName\":\"search_term_string\"}}],\"inLanguage\":\"es\"}]}<\/script>\n<!-- \/ Yoast SEO plugin. -->","yoast_head_json":{"title":"Der Blog - Travvel Turismo Cochiguaz","robots":{"index":"index","follow":"follow","max-snippet":"max-snippet:-1","max-image-preview":"max-image-preview:large","max-video-preview":"max-video-preview:-1"},"canonical":"https:\/\/www.travelturismocochiguaz.cl\/de\/der-blog\/","og_locale":"es_ES","og_type":"article","og_title":"Der Blog - Travvel Turismo Cochiguaz","og_url":"https:\/\/www.travelturismocochiguaz.cl\/de\/der-blog\/","og_site_name":"Travvel Turismo Cochiguaz","article_modified_time":"2025-02-19T20:04:45+00:00","twitter_card":"summary_large_image","twitter_misc":{"Tiempo de lectura":"1 minuto"},"schema":{"@context":"https:\/\/schema.org","@graph":[{"@type":"WebPage","@id":"https:\/\/www.travelturismocochiguaz.cl\/de\/der-blog\/","url":"https:\/\/www.travelturismocochiguaz.cl\/de\/der-blog\/","name":"Der Blog - Travvel Turismo Cochiguaz","isPartOf":{"@id":"https:\/\/www.travelturismocochiguaz.cl\/de\/#website"},"datePublished":"2025-01-30T20:26:34+00:00","dateModified":"2025-02-19T20:04:45+00:00","breadcrumb":{"@id":"https:\/\/www.travelturismocochiguaz.cl\/de\/der-blog\/#breadcrumb"},"inLanguage":"es","potentialAction":[{"@type":"ReadAction","target":["https:\/\/www.travelturismocochiguaz.cl\/de\/der-blog\/"]}]},{"@type":"BreadcrumbList","@id":"https:\/\/www.travelturismocochiguaz.cl\/de\/der-blog\/#breadcrumb","itemListElement":[{"@type":"ListItem","position":1,"name":"Portada","item":"https:\/\/www.travelturismocochiguaz.cl\/de\/"},{"@type":"ListItem","position":2,"name":"Der Blog"}]},{"@type":"WebSite","@id":"https:\/\/www.travelturismocochiguaz.cl\/de\/#website","url":"https:\/\/www.travelturismocochiguaz.cl\/de\/","name":"Travvel Turismo Cochiguaz","description":"Tour operador de cruceros y m&aacute;s.","potentialAction":[{"@type":"SearchAction","target":{"@type":"EntryPoint","urlTemplate":"https:\/\/www.travelturismocochiguaz.cl\/de\/?s={search_term_string}"},"query-input":{"@type":"PropertyValueSpecification","valueRequired":true,"valueName":"search_term_string"}}],"inLanguage":"es"}]}},"_links":{"self":[{"href":"https:\/\/www.travelturismocochiguaz.cl\/de\/wp-json\/wp\/v2\/pages\/6186","targetHints":{"allow":["GET"]}}],"collection":[{"href":"https:\/\/www.travelturismocochiguaz.cl\/de\/wp-json\/wp\/v2\/pages"}],"about":[{"href":"https:\/\/www.travelturismocochiguaz.cl\/de\/wp-json\/wp\/v2\/types\/page"}],"author":[{"embeddable":true,"href":"https:\/\/www.travelturismocochiguaz.cl\/de\/wp-json\/wp\/v2\/users\/3"}],"replies":[{"embeddable":true,"href":"https:\/\/www.travelturismocochiguaz.cl\/de\/wp-json\/wp\/v2\/comments?post=6186"}],"version-history":[{"count":2,"href":"https:\/\/www.travelturismocochiguaz.cl\/de\/wp-json\/wp\/v2\/pages\/6186\/revisions"}],"predecessor-version":[{"id":6329,"href":"https:\/\/www.travelturismocochiguaz.cl\/de\/wp-json\/wp\/v2\/pages\/6186\/revisions\/6329"}],"wp:attachment":[{"href":"https:\/\/www.travelturismocochiguaz.cl\/de\/wp-json\/wp\/v2\/media?parent=6186"}],"curies":[{"name":"wp","href":"https:\/\/api.w.org\/{rel}","templated":true}]}}