{"id":6166,"date":"2025-01-30T17:14:40","date_gmt":"2025-01-30T20:14:40","guid":{"rendered":"https:\/\/www.travelturismocochiguaz.cl\/de\/?page_id=6166"},"modified":"2025-02-19T17:33:57","modified_gmt":"2025-02-19T20:33:57","slug":"uns","status":"publish","type":"page","link":"https:\/\/www.travelturismocochiguaz.cl\/de\/uns\/","title":{"rendered":"Uns"},"content":{"rendered":"<section class=\"l-section wpb_row height_medium\"><div class=\"l-section-h i-cf\"><div class=\"g-cols vc_row via_flex valign_top type_default stacking_default\"><div class=\"vc_col-sm-12 wpb_column vc_column_container\"><div class=\"vc_column-inner\"><div class=\"wpb_wrapper\"><div class=\"g-cols wpb_row via_flex valign_top type_default stacking_default\"><div class=\"vc_col-sm-6 wpb_column vc_column_container\"><div class=\"vc_column-inner\"><div class=\"wpb_wrapper\"><div class=\"wpb_text_column\"><div class=\"wpb_wrapper\"><p><strong>Unsere exklusiven Kreuzfahrten<\/strong><br \/>\n\u00abEntdecken Sie die Magie Nordchiles: Entdecken Sie unsere Reiseziele im Elqui-Tal, in La Serena und Coquimbo<\/p>\n<p>Willkommen in unserem zweiten Abschnitt, in dem wir Sie einladen, in die Sch\u00f6nheit und den Charme Nordchiles einzutauchen! In diesem Abschnitt nehmen wir Sie mit auf eine einzigartige Reise durch das Elqui-Tal, die pulsierende Stadt La Serena und den malerischen Hafen von Coquimbo.<\/p>\n<p>Unsere Dienstleistungen sind darauf ausgerichtet, Ihnen das Beste dieser faszinierenden Region zu zeigen. Von den Weinbergen, die die H\u00fcgel des Elqui-Tals \u00fcbers\u00e4en, bis hin zu den goldenen Str\u00e4nden von La Serena und den farbenfrohen M\u00e4rkten von Coquimbo wird Ihnen jedes Reiseziel den Atem rauben.<\/p>\n<p>Mit erfahrenen Reiseleitern, die die Region wie ihre Westentasche kennen, entdecken wir mit Ihnen die bestgeh\u00fcteten Geheimnisse jedes Ortes. Sie k\u00f6nnen die reiche Kolonialgeschichte von La Serena erkunden und die nat\u00fcrliche Sch\u00f6nheit der K\u00fcste in Coquimbo bewundern. Wir garantieren Ihnen ein Erlebnis, das Sie nie vergessen werden.<\/p>\n<p>Ob Sie sich f\u00fcr Astronomie, lokale Kultur, Gastronomie oder einfach nur zum Entspannen und Genie\u00dfen der Landschaft interessieren, unsere Dienstleistungen sind darauf ausgerichtet, alle Ihre Bed\u00fcrfnisse und W\u00fcnsche zu erf\u00fcllen.<\/p>\n<\/div><\/div><\/div><\/div><\/div><div class=\"vc_col-sm-6 wpb_column vc_column_container\"><div class=\"vc_column-inner type_sticky\"><div class=\"wpb_wrapper\"><div class=\"w-image us_custom_b99d620c align_none\"><div class=\"w-image-h\"><img decoding=\"async\" width=\"1280\" height=\"960\" src=\"https:\/\/www.travelturismocochiguaz.cl\/de\/wp-content\/uploads\/2024\/03\/WhatsApp-Image-2024-03-24-at-16.43.48.jpeg\" class=\"attachment-full size-full\" alt=\"\" loading=\"lazy\" srcset=\"https:\/\/www.travelturismocochiguaz.cl\/de\/wp-content\/uploads\/2024\/03\/WhatsApp-Image-2024-03-24-at-16.43.48.jpeg 1280w, https:\/\/www.travelturismocochiguaz.cl\/de\/wp-content\/uploads\/2024\/03\/WhatsApp-Image-2024-03-24-at-16.43.48-600x450.jpeg 600w, https:\/\/www.travelturismocochiguaz.cl\/de\/wp-content\/uploads\/2024\/03\/WhatsApp-Image-2024-03-24-at-16.43.48-300x225.jpeg 300w, https:\/\/www.travelturismocochiguaz.cl\/de\/wp-content\/uploads\/2024\/03\/WhatsApp-Image-2024-03-24-at-16.43.48-1024x768.jpeg 1024w, https:\/\/www.travelturismocochiguaz.cl\/de\/wp-content\/uploads\/2024\/03\/WhatsApp-Image-2024-03-24-at-16.43.48-768x576.jpeg 768w\" sizes=\"auto, (max-width: 1280px) 100vw, 1280px\" \/><\/div><\/div><\/div><\/div><\/div><\/div><\/div><\/div><\/div><\/div><\/div><\/section>\n","protected":false},"excerpt":{"rendered":"Unsere exklusiven Kreuzfahrten \u00abEntdecken Sie die Magie Nordchiles: Entdecken Sie unsere Reiseziele im Elqui-Tal, in La Serena und Coquimbo Willkommen in unserem zweiten Abschnitt, in dem wir Sie einladen, in die Sch\u00f6nheit und den Charme Nordchiles einzutauchen! In diesem Abschnitt nehmen wir Sie mit auf eine einzigartige Reise durch das Elqui-Tal, die pulsierende Stadt La...","protected":false},"author":3,"featured_media":0,"parent":0,"menu_order":0,"comment_status":"closed","ping_status":"closed","template":"","meta":{"_joinchat":[],"footnotes":""},"class_list":["post-6166","page","type-page","status-publish","hentry"],"yoast_head":"<!-- This site is optimized with the Yoast SEO plugin v26.8 - https:\/\/yoast.com\/product\/yoast-seo-wordpress\/ -->\n<title>Uns - Travvel Turismo Cochiguaz<\/title>\n<meta name=\"robots\" content=\"index, follow, max-snippet:-1, max-image-preview:large, max-video-preview:-1\" \/>\n<link rel=\"canonical\" href=\"https:\/\/www.travelturismocochiguaz.cl\/de\/uns\/\" \/>\n<meta property=\"og:locale\" content=\"es_ES\" \/>\n<meta property=\"og:type\" content=\"article\" \/>\n<meta property=\"og:title\" content=\"Uns - Travvel Turismo Cochiguaz\" \/>\n<meta property=\"og:url\" content=\"https:\/\/www.travelturismocochiguaz.cl\/de\/uns\/\" \/>\n<meta property=\"og:site_name\" content=\"Travvel Turismo Cochiguaz\" \/>\n<meta property=\"article:modified_time\" content=\"2025-02-19T20:33:57+00:00\" \/>\n<meta name=\"twitter:card\" content=\"summary_large_image\" \/>\n<meta name=\"twitter:label1\" content=\"Tiempo de lectura\" \/>\n\t<meta name=\"twitter:data1\" content=\"1 minuto\" \/>\n<script type=\"application\/ld+json\" class=\"yoast-schema-graph\">{\"@context\":\"https:\/\/schema.org\",\"@graph\":[{\"@type\":\"WebPage\",\"@id\":\"https:\/\/www.travelturismocochiguaz.cl\/de\/uns\/\",\"url\":\"https:\/\/www.travelturismocochiguaz.cl\/de\/uns\/\",\"name\":\"Uns - Travvel Turismo Cochiguaz\",\"isPartOf\":{\"@id\":\"https:\/\/www.travelturismocochiguaz.cl\/de\/#website\"},\"datePublished\":\"2025-01-30T20:14:40+00:00\",\"dateModified\":\"2025-02-19T20:33:57+00:00\",\"breadcrumb\":{\"@id\":\"https:\/\/www.travelturismocochiguaz.cl\/de\/uns\/#breadcrumb\"},\"inLanguage\":\"es\",\"potentialAction\":[{\"@type\":\"ReadAction\",\"target\":[\"https:\/\/www.travelturismocochiguaz.cl\/de\/uns\/\"]}]},{\"@type\":\"BreadcrumbList\",\"@id\":\"https:\/\/www.travelturismocochiguaz.cl\/de\/uns\/#breadcrumb\",\"itemListElement\":[{\"@type\":\"ListItem\",\"position\":1,\"name\":\"Portada\",\"item\":\"https:\/\/www.travelturismocochiguaz.cl\/de\/\"},{\"@type\":\"ListItem\",\"position\":2,\"name\":\"Uns\"}]},{\"@type\":\"WebSite\",\"@id\":\"https:\/\/www.travelturismocochiguaz.cl\/de\/#website\",\"url\":\"https:\/\/www.travelturismocochiguaz.cl\/de\/\",\"name\":\"Travvel Turismo Cochiguaz\",\"description\":\"Tour operador de cruceros y m&aacute;s.\",\"potentialAction\":[{\"@type\":\"SearchAction\",\"target\":{\"@type\":\"EntryPoint\",\"urlTemplate\":\"https:\/\/www.travelturismocochiguaz.cl\/de\/?s={search_term_string}\"},\"query-input\":{\"@type\":\"PropertyValueSpecification\",\"valueRequired\":true,\"valueName\":\"search_term_string\"}}],\"inLanguage\":\"es\"}]}<\/script>\n<!-- \/ Yoast SEO plugin. -->","yoast_head_json":{"title":"Uns - Travvel Turismo Cochiguaz","robots":{"index":"index","follow":"follow","max-snippet":"max-snippet:-1","max-image-preview":"max-image-preview:large","max-video-preview":"max-video-preview:-1"},"canonical":"https:\/\/www.travelturismocochiguaz.cl\/de\/uns\/","og_locale":"es_ES","og_type":"article","og_title":"Uns - Travvel Turismo Cochiguaz","og_url":"https:\/\/www.travelturismocochiguaz.cl\/de\/uns\/","og_site_name":"Travvel Turismo Cochiguaz","article_modified_time":"2025-02-19T20:33:57+00:00","twitter_card":"summary_large_image","twitter_misc":{"Tiempo de lectura":"1 minuto"},"schema":{"@context":"https:\/\/schema.org","@graph":[{"@type":"WebPage","@id":"https:\/\/www.travelturismocochiguaz.cl\/de\/uns\/","url":"https:\/\/www.travelturismocochiguaz.cl\/de\/uns\/","name":"Uns - Travvel Turismo Cochiguaz","isPartOf":{"@id":"https:\/\/www.travelturismocochiguaz.cl\/de\/#website"},"datePublished":"2025-01-30T20:14:40+00:00","dateModified":"2025-02-19T20:33:57+00:00","breadcrumb":{"@id":"https:\/\/www.travelturismocochiguaz.cl\/de\/uns\/#breadcrumb"},"inLanguage":"es","potentialAction":[{"@type":"ReadAction","target":["https:\/\/www.travelturismocochiguaz.cl\/de\/uns\/"]}]},{"@type":"BreadcrumbList","@id":"https:\/\/www.travelturismocochiguaz.cl\/de\/uns\/#breadcrumb","itemListElement":[{"@type":"ListItem","position":1,"name":"Portada","item":"https:\/\/www.travelturismocochiguaz.cl\/de\/"},{"@type":"ListItem","position":2,"name":"Uns"}]},{"@type":"WebSite","@id":"https:\/\/www.travelturismocochiguaz.cl\/de\/#website","url":"https:\/\/www.travelturismocochiguaz.cl\/de\/","name":"Travvel Turismo Cochiguaz","description":"Tour operador de cruceros y m&aacute;s.","potentialAction":[{"@type":"SearchAction","target":{"@type":"EntryPoint","urlTemplate":"https:\/\/www.travelturismocochiguaz.cl\/de\/?s={search_term_string}"},"query-input":{"@type":"PropertyValueSpecification","valueRequired":true,"valueName":"search_term_string"}}],"inLanguage":"es"}]}},"_links":{"self":[{"href":"https:\/\/www.travelturismocochiguaz.cl\/de\/wp-json\/wp\/v2\/pages\/6166","targetHints":{"allow":["GET"]}}],"collection":[{"href":"https:\/\/www.travelturismocochiguaz.cl\/de\/wp-json\/wp\/v2\/pages"}],"about":[{"href":"https:\/\/www.travelturismocochiguaz.cl\/de\/wp-json\/wp\/v2\/types\/page"}],"author":[{"embeddable":true,"href":"https:\/\/www.travelturismocochiguaz.cl\/de\/wp-json\/wp\/v2\/users\/3"}],"replies":[{"embeddable":true,"href":"https:\/\/www.travelturismocochiguaz.cl\/de\/wp-json\/wp\/v2\/comments?post=6166"}],"version-history":[{"count":3,"href":"https:\/\/www.travelturismocochiguaz.cl\/de\/wp-json\/wp\/v2\/pages\/6166\/revisions"}],"predecessor-version":[{"id":6345,"href":"https:\/\/www.travelturismocochiguaz.cl\/de\/wp-json\/wp\/v2\/pages\/6166\/revisions\/6345"}],"wp:attachment":[{"href":"https:\/\/www.travelturismocochiguaz.cl\/de\/wp-json\/wp\/v2\/media?parent=6166"}],"curies":[{"name":"wp","href":"https:\/\/api.w.org\/{rel}","templated":true}]}}